{"id":7390,"date":"2025-04-04T12:52:55","date_gmt":"2025-04-04T10:52:55","guid":{"rendered":"http:\/\/ole-barcelona.es\/producto\/curso-intensivo-de-espanol-copy\/"},"modified":"2025-08-05T09:13:35","modified_gmt":"2025-08-05T07:13:35","slug":"curso-intensivo-de-espanol-copy","status":"publish","type":"product","link":"https:\/\/ole-barcelona.es\/nl\/producto\/curso-intensivo-de-espanol-copy\/","title":{"rendered":"Clases online"},"content":{"rendered":"","protected":false},"excerpt":{"rendered":"<p><strong>Aprende espa\u00f1ol online con Ol\u00e9 Barcelona y conoce a personas de todo el mundo. <\/strong>Nuestros profesores nativos de espa\u00f1ol, altamente cualificados y con amplia experiencia, te ayudar\u00e1n a aprender espa\u00f1ol a trav\u00e9s de nuestros cursos en aulas virtuales. Utilizamos los m\u00e9todos de ense\u00f1anza comunicativos m\u00e1s avanzados para que aprendas desde la comodidad de tu hogar. \u00a1Y adem\u00e1s es divertido! Solo necesitas una conexi\u00f3n a Internet y un ordenador o tel\u00e9fono m\u00f3vil.<\/p>\n","protected":false},"featured_media":7391,"template":"","meta":{"site-sidebar-layout":"default","site-content-layout":"","ast-site-content-layout":"default","site-content-style":"default","site-sidebar-style":"default","ast-global-header-display":"","ast-banner-title-visibility":"","ast-main-header-display":"","ast-hfb-above-header-display":"","ast-hfb-below-header-display":"","ast-hfb-mobile-header-display":"","site-post-title":"","ast-breadcrumbs-content":"","ast-featured-img":"","footer-sml-layout":"","theme-transparent-header-meta":"default","adv-header-id-meta":"","stick-header-meta":"default","header-above-stick-meta":"","header-main-stick-meta":"","header-below-stick-meta":"","astra-migrate-meta-layouts":"set","ast-page-background-enabled":"default","ast-page-background-meta":{"desktop":{"background-color":"var(--ast-global-color-4)","background-image":"","background-repeat":"repeat","background-position":"center center","background-size":"auto","background-attachment":"scroll","background-type":"","background-media":"","overlay-type":"","overlay-color":"","overlay-opacity":"","overlay-gradient":""},"tablet":{"background-color":"","background-image":"","background-repeat":"repeat","background-position":"center center","background-size":"auto","background-attachment":"scroll","background-type":"","background-media":"","overlay-type":"","overlay-color":"","overlay-opacity":"","overlay-gradient":""},"mobile":{"background-color":"","background-image":"","background-repeat":"repeat","background-position":"center center","background-size":"auto","background-attachment":"scroll","background-type":"","background-media":"","overlay-type":"","overlay-color":"","overlay-opacity":"","overlay-gradient":""}},"ast-content-background-meta":{"desktop":{"background-color":"var(--ast-global-color-5)","background-image":"","background-repeat":"repeat","background-position":"center center","background-size":"auto","background-attachment":"scroll","background-type":"","background-media":"","overlay-type":"","overlay-color":"","overlay-opacity":"","overlay-gradient":""},"tablet":{"background-color":"var(--ast-global-color-5)","background-image":"","background-repeat":"repeat","background-position":"center center","background-size":"auto","background-attachment":"scroll","background-type":"","background-media":"","overlay-type":"","overlay-color":"","overlay-opacity":"","overlay-gradient":""},"mobile":{"background-color":"var(--ast-global-color-5)","background-image":"","background-repeat":"repeat","background-position":"center center","background-size":"auto","background-attachment":"scroll","background-type":"","background-media":"","overlay-type":"","overlay-color":"","overlay-opacity":"","overlay-gradient":""}}},"product_brand":[],"product_cat":[54],"product_tag":[],"class_list":{"0":"post-7390","1":"product","2":"type-product","3":"status-publish","4":"has-post-thumbnail","6":"product_cat-geen-onderdeel-van-een-categorie","7":"desktop-align-left","8":"tablet-align-left","9":"mobile-align-left","10":"ast-product-gallery-layout-first-image-large","11":"ast-product-gallery-with-no-image","12":"ast-product-tabs-layout-horizontal","14":"first","15":"instock","16":"virtual","17":"sold-individually","18":"purchasable","19":"product-type-booking"},"yoast_head":"<!-- This site is optimized with the Yoast SEO plugin v27.2 - https:\/\/yoast.com\/product\/yoast-seo-wordpress\/ -->\n<title>Clases online - Ole Barcelona<\/title>\n<meta name=\"robots\" content=\"index, follow, max-snippet:-1, max-image-preview:large, max-video-preview:-1\" \/>\n<link rel=\"canonical\" href=\"https:\/\/ole-barcelona.es\/nl\/producto\/curso-intensivo-de-espanol-copy\/\" \/>\n<meta property=\"og:locale\" content=\"nl_NL\" \/>\n<meta property=\"og:type\" content=\"article\" \/>\n<meta property=\"og:title\" content=\"Clases online - Ole Barcelona\" \/>\n<meta property=\"og:description\" content=\"Aprende espa\u00f1ol online con Ol\u00e9 Barcelona y conoce a personas de todo el mundo. Nuestros profesores nativos de espa\u00f1ol, altamente cualificados y con amplia experiencia, te ayudar\u00e1n a aprender espa\u00f1ol a trav\u00e9s de nuestros cursos en aulas virtuales. Utilizamos los m\u00e9todos de ense\u00f1anza comunicativos m\u00e1s avanzados para que aprendas desde la comodidad de tu hogar. \u00a1Y adem\u00e1s es divertido! Solo necesitas una conexi\u00f3n a Internet y un ordenador o tel\u00e9fono m\u00f3vil.\" \/>\n<meta property=\"og:url\" content=\"https:\/\/ole-barcelona.es\/nl\/producto\/curso-intensivo-de-espanol-copy\/\" \/>\n<meta property=\"og:site_name\" content=\"Ole Barcelona\" \/>\n<meta property=\"article:modified_time\" content=\"2025-08-05T07:13:35+00:00\" \/>\n<meta property=\"og:image\" content=\"https:\/\/ole-barcelona.es\/wp-content\/uploads\/2025\/01\/intensive-spanish-course3.webp\" \/>\n\t<meta property=\"og:image:width\" content=\"550\" \/>\n\t<meta property=\"og:image:height\" content=\"413\" \/>\n\t<meta property=\"og:image:type\" content=\"image\/webp\" \/>\n<meta name=\"twitter:card\" content=\"summary_large_image\" \/>\n<script type=\"application\/ld+json\" class=\"yoast-schema-graph\">{\"@context\":\"https:\/\/schema.org\",\"@graph\":[{\"@type\":\"WebPage\",\"@id\":\"https:\/\/ole-barcelona.es\/nl\/producto\/curso-intensivo-de-espanol-copy\/\",\"url\":\"https:\/\/ole-barcelona.es\/nl\/producto\/curso-intensivo-de-espanol-copy\/\",\"name\":\"Clases online - Ole Barcelona\",\"isPartOf\":{\"@id\":\"https:\/\/ole-barcelona.es\/#website\"},\"primaryImageOfPage\":{\"@id\":\"https:\/\/ole-barcelona.es\/nl\/producto\/curso-intensivo-de-espanol-copy\/#primaryimage\"},\"image\":{\"@id\":\"https:\/\/ole-barcelona.es\/nl\/producto\/curso-intensivo-de-espanol-copy\/#primaryimage\"},\"thumbnailUrl\":\"https:\/\/ole-barcelona.es\/wp-content\/uploads\/2025\/01\/intensive-spanish-course3.webp\",\"datePublished\":\"2025-04-04T10:52:55+00:00\",\"dateModified\":\"2025-08-05T07:13:35+00:00\",\"breadcrumb\":{\"@id\":\"https:\/\/ole-barcelona.es\/nl\/producto\/curso-intensivo-de-espanol-copy\/#breadcrumb\"},\"inLanguage\":\"nl-NL\",\"potentialAction\":[{\"@type\":\"ReadAction\",\"target\":[\"https:\/\/ole-barcelona.es\/nl\/producto\/curso-intensivo-de-espanol-copy\/\"]}]},{\"@type\":\"ImageObject\",\"inLanguage\":\"nl-NL\",\"@id\":\"https:\/\/ole-barcelona.es\/nl\/producto\/curso-intensivo-de-espanol-copy\/#primaryimage\",\"url\":\"https:\/\/ole-barcelona.es\/wp-content\/uploads\/2025\/01\/intensive-spanish-course3.webp\",\"contentUrl\":\"https:\/\/ole-barcelona.es\/wp-content\/uploads\/2025\/01\/intensive-spanish-course3.webp\",\"width\":550,\"height\":413},{\"@type\":\"BreadcrumbList\",\"@id\":\"https:\/\/ole-barcelona.es\/nl\/producto\/curso-intensivo-de-espanol-copy\/#breadcrumb\",\"itemListElement\":[{\"@type\":\"ListItem\",\"position\":1,\"name\":\"Home\",\"item\":\"https:\/\/ole-barcelona.es\/nl\/\"},{\"@type\":\"ListItem\",\"position\":2,\"name\":\"Winkel\",\"item\":\"https:\/\/ole-barcelona.es\/nl\/winkel\/\"},{\"@type\":\"ListItem\",\"position\":3,\"name\":\"Clases online\"}]},{\"@type\":\"WebSite\",\"@id\":\"https:\/\/ole-barcelona.es\/#website\",\"url\":\"https:\/\/ole-barcelona.es\/\",\"name\":\"Ole Barcelona\",\"description\":\"\",\"publisher\":{\"@id\":\"https:\/\/ole-barcelona.es\/#organization\"},\"potentialAction\":[{\"@type\":\"SearchAction\",\"target\":{\"@type\":\"EntryPoint\",\"urlTemplate\":\"https:\/\/ole-barcelona.es\/?s={search_term_string}\"},\"query-input\":{\"@type\":\"PropertyValueSpecification\",\"valueRequired\":true,\"valueName\":\"search_term_string\"}}],\"inLanguage\":\"nl-NL\"},{\"@type\":\"Organization\",\"@id\":\"https:\/\/ole-barcelona.es\/#organization\",\"name\":\"Ole Barcelona\",\"url\":\"https:\/\/ole-barcelona.es\/\",\"logo\":{\"@type\":\"ImageObject\",\"inLanguage\":\"nl-NL\",\"@id\":\"https:\/\/ole-barcelona.es\/#\/schema\/logo\/image\/\",\"url\":\"https:\/\/ole-barcelona.es\/wp-content\/uploads\/2025\/07\/OleBCN.png\",\"contentUrl\":\"https:\/\/ole-barcelona.es\/wp-content\/uploads\/2025\/07\/OleBCN.png\",\"width\":1876,\"height\":1207,\"caption\":\"Ole Barcelona\"},\"image\":{\"@id\":\"https:\/\/ole-barcelona.es\/#\/schema\/logo\/image\/\"}}]}<\/script>\n<!-- \/ Yoast SEO plugin. -->","yoast_head_json":{"title":"Clases online - Ole Barcelona","robots":{"index":"index","follow":"follow","max-snippet":"max-snippet:-1","max-image-preview":"max-image-preview:large","max-video-preview":"max-video-preview:-1"},"canonical":"https:\/\/ole-barcelona.es\/nl\/producto\/curso-intensivo-de-espanol-copy\/","og_locale":"nl_NL","og_type":"article","og_title":"Clases online - Ole Barcelona","og_description":"Aprende espa\u00f1ol online con Ol\u00e9 Barcelona y conoce a personas de todo el mundo. Nuestros profesores nativos de espa\u00f1ol, altamente cualificados y con amplia experiencia, te ayudar\u00e1n a aprender espa\u00f1ol a trav\u00e9s de nuestros cursos en aulas virtuales. Utilizamos los m\u00e9todos de ense\u00f1anza comunicativos m\u00e1s avanzados para que aprendas desde la comodidad de tu hogar. \u00a1Y adem\u00e1s es divertido! Solo necesitas una conexi\u00f3n a Internet y un ordenador o tel\u00e9fono m\u00f3vil.","og_url":"https:\/\/ole-barcelona.es\/nl\/producto\/curso-intensivo-de-espanol-copy\/","og_site_name":"Ole Barcelona","article_modified_time":"2025-08-05T07:13:35+00:00","og_image":[{"width":550,"height":413,"url":"https:\/\/ole-barcelona.es\/wp-content\/uploads\/2025\/01\/intensive-spanish-course3.webp","type":"image\/webp"}],"twitter_card":"summary_large_image","schema":{"@context":"https:\/\/schema.org","@graph":[{"@type":"WebPage","@id":"https:\/\/ole-barcelona.es\/nl\/producto\/curso-intensivo-de-espanol-copy\/","url":"https:\/\/ole-barcelona.es\/nl\/producto\/curso-intensivo-de-espanol-copy\/","name":"Clases online - Ole Barcelona","isPartOf":{"@id":"https:\/\/ole-barcelona.es\/#website"},"primaryImageOfPage":{"@id":"https:\/\/ole-barcelona.es\/nl\/producto\/curso-intensivo-de-espanol-copy\/#primaryimage"},"image":{"@id":"https:\/\/ole-barcelona.es\/nl\/producto\/curso-intensivo-de-espanol-copy\/#primaryimage"},"thumbnailUrl":"https:\/\/ole-barcelona.es\/wp-content\/uploads\/2025\/01\/intensive-spanish-course3.webp","datePublished":"2025-04-04T10:52:55+00:00","dateModified":"2025-08-05T07:13:35+00:00","breadcrumb":{"@id":"https:\/\/ole-barcelona.es\/nl\/producto\/curso-intensivo-de-espanol-copy\/#breadcrumb"},"inLanguage":"nl-NL","potentialAction":[{"@type":"ReadAction","target":["https:\/\/ole-barcelona.es\/nl\/producto\/curso-intensivo-de-espanol-copy\/"]}]},{"@type":"ImageObject","inLanguage":"nl-NL","@id":"https:\/\/ole-barcelona.es\/nl\/producto\/curso-intensivo-de-espanol-copy\/#primaryimage","url":"https:\/\/ole-barcelona.es\/wp-content\/uploads\/2025\/01\/intensive-spanish-course3.webp","contentUrl":"https:\/\/ole-barcelona.es\/wp-content\/uploads\/2025\/01\/intensive-spanish-course3.webp","width":550,"height":413},{"@type":"BreadcrumbList","@id":"https:\/\/ole-barcelona.es\/nl\/producto\/curso-intensivo-de-espanol-copy\/#breadcrumb","itemListElement":[{"@type":"ListItem","position":1,"name":"Home","item":"https:\/\/ole-barcelona.es\/nl\/"},{"@type":"ListItem","position":2,"name":"Winkel","item":"https:\/\/ole-barcelona.es\/nl\/winkel\/"},{"@type":"ListItem","position":3,"name":"Clases online"}]},{"@type":"WebSite","@id":"https:\/\/ole-barcelona.es\/#website","url":"https:\/\/ole-barcelona.es\/","name":"Ole Barcelona","description":"","publisher":{"@id":"https:\/\/ole-barcelona.es\/#organization"},"potentialAction":[{"@type":"SearchAction","target":{"@type":"EntryPoint","urlTemplate":"https:\/\/ole-barcelona.es\/?s={search_term_string}"},"query-input":{"@type":"PropertyValueSpecification","valueRequired":true,"valueName":"search_term_string"}}],"inLanguage":"nl-NL"},{"@type":"Organization","@id":"https:\/\/ole-barcelona.es\/#organization","name":"Ole Barcelona","url":"https:\/\/ole-barcelona.es\/","logo":{"@type":"ImageObject","inLanguage":"nl-NL","@id":"https:\/\/ole-barcelona.es\/#\/schema\/logo\/image\/","url":"https:\/\/ole-barcelona.es\/wp-content\/uploads\/2025\/07\/OleBCN.png","contentUrl":"https:\/\/ole-barcelona.es\/wp-content\/uploads\/2025\/07\/OleBCN.png","width":1876,"height":1207,"caption":"Ole Barcelona"},"image":{"@id":"https:\/\/ole-barcelona.es\/#\/schema\/logo\/image\/"}}]}},"_links":{"self":[{"href":"https:\/\/ole-barcelona.es\/nl\/wp-json\/wp\/v2\/product\/7390","targetHints":{"allow":["GET"]}}],"collection":[{"href":"https:\/\/ole-barcelona.es\/nl\/wp-json\/wp\/v2\/product"}],"about":[{"href":"https:\/\/ole-barcelona.es\/nl\/wp-json\/wp\/v2\/types\/product"}],"wp:featuredmedia":[{"embeddable":true,"href":"https:\/\/ole-barcelona.es\/nl\/wp-json\/wp\/v2\/media\/7391"}],"wp:attachment":[{"href":"https:\/\/ole-barcelona.es\/nl\/wp-json\/wp\/v2\/media?parent=7390"}],"wp:term":[{"taxonomy":"product_brand","embeddable":true,"href":"https:\/\/ole-barcelona.es\/nl\/wp-json\/wp\/v2\/product_brand?post=7390"},{"taxonomy":"product_cat","embeddable":true,"href":"https:\/\/ole-barcelona.es\/nl\/wp-json\/wp\/v2\/product_cat?post=7390"},{"taxonomy":"product_tag","embeddable":true,"href":"https:\/\/ole-barcelona.es\/nl\/wp-json\/wp\/v2\/product_tag?post=7390"}],"curies":[{"name":"wp","href":"https:\/\/api.w.org\/{rel}","templated":true}]}}