{"id":7129,"date":"2024-09-09T10:48:26","date_gmt":"2024-09-09T08:48:26","guid":{"rendered":"http:\/\/ole-barcelona.es\/seguro-medico\/"},"modified":"2025-06-12T17:07:23","modified_gmt":"2025-06-12T15:07:23","slug":"seguro-medico","status":"publish","type":"page","link":"https:\/\/ole-barcelona.es\/ru\/seguro-medico\/","title":{"rendered":"Seguro M\u00e9dico"},"content":{"rendered":"\t\t<div data-elementor-type=\"wp-page\" data-elementor-id=\"7129\" class=\"elementor elementor-7129 elementor-4031\" data-elementor-post-type=\"page\">\n\t\t\t\t<div class=\"elementor-element elementor-element-9827754 e-con-full e-flex e-con e-parent\" data-id=\"9827754\" data-element_type=\"container\" data-settings=\"{&quot;background_background&quot;:&quot;classic&quot;}\">\n\t\t<div class=\"elementor-element elementor-element-0f60c00 e-flex e-con-boxed e-con e-child\" data-id=\"0f60c00\" data-element_type=\"container\">\n\t\t\t\t\t<div class=\"e-con-inner\">\n\t\t\t\t<div class=\"elementor-element elementor-element-df3c829 elementor-widget__width-initial elementor-widget elementor-widget-heading\" data-id=\"df3c829\" data-element_type=\"widget\" data-widget_type=\"heading.default\">\n\t\t\t\t<div class=\"elementor-widget-container\">\n\t\t\t\t\t<h2 class=\"elementor-heading-title elementor-size-default\">Seguro M\u00e9dico<\/h2>\t\t\t\t<\/div>\n\t\t\t\t<\/div>\n\t\t\t\t<div class=\"elementor-element elementor-element-abbe52f elementor-widget elementor-widget-text-editor\" data-id=\"abbe52f\" data-element_type=\"widget\" data-widget_type=\"text-editor.default\">\n\t\t\t\t<div class=\"elementor-widget-container\">\n\t\t\t\t\t\t\t\t\t<div class=\"page-header page-header-small\"><div class=\"content-center\"><div class=\"container\"><div class=\"page-header page-header-small\"><div class=\"content-center\"><div class=\"container\"><div class=\"page-header page-header-xs2\"><div class=\"content-center\"><div class=\"container\"><div class=\"page-header page-header-xs2\"><div class=\"content-center\"><div class=\"container\"><p>( Seguro m\u00e9dico y de viaje para estudiantes )<\/p><\/div><\/div><\/div><\/div><\/div><\/div><\/div><\/div><\/div><\/div><\/div><\/div>\t\t\t\t\t\t\t\t<\/div>\n\t\t\t\t<\/div>\n\t\t\t\t\t<\/div>\n\t\t\t\t<\/div>\n\t\t\t\t<\/div>\n\t\t<div class=\"elementor-element elementor-element-27910b0 e-flex e-con-boxed e-con e-parent\" data-id=\"27910b0\" data-element_type=\"container\" data-settings=\"{&quot;background_background&quot;:&quot;classic&quot;}\">\n\t\t\t\t\t<div class=\"e-con-inner\">\n\t\t<div class=\"elementor-element elementor-element-0722379 e-con-full e-flex e-con e-child\" data-id=\"0722379\" data-element_type=\"container\">\n\t\t\t\t<div class=\"elementor-element elementor-element-6bcdf29 elementor-widget elementor-widget-text-editor\" data-id=\"6bcdf29\" data-element_type=\"widget\" data-widget_type=\"text-editor.default\">\n\t\t\t\t<div class=\"elementor-widget-container\">\n\t\t\t\t\t\t\t\t\t<p>Redes Sociales<\/p>\t\t\t\t\t\t\t\t<\/div>\n\t\t\t\t<\/div>\n\t\t\t\t<\/div>\n\t\t<div class=\"elementor-element elementor-element-6060c01 e-flex e-con-boxed e-con e-child\" data-id=\"6060c01\" data-element_type=\"container\">\n\t\t\t\t\t<div class=\"e-con-inner\">\n\t\t\t\t<div class=\"elementor-element elementor-element-168dd23 elementor-icon-list--layout-traditional elementor-list-item-link-full_width elementor-widget elementor-widget-icon-list\" data-id=\"168dd23\" data-element_type=\"widget\" data-widget_type=\"icon-list.default\">\n\t\t\t\t<div class=\"elementor-widget-container\">\n\t\t\t\t\t\t\t<ul class=\"elementor-icon-list-items\">\n\t\t\t\t\t\t\t<li class=\"elementor-icon-list-item\">\n\t\t\t\t\t\t\t\t\t\t\t<a href=\"https:\/\/www.facebook.com\/Ole.Barcelona.Spanish\/\">\n\n\t\t\t\t\t\t\t\t\t\t\t\t<span class=\"elementor-icon-list-icon\">\n\t\t\t\t\t\t\t<svg aria-hidden=\"true\" class=\"e-font-icon-svg e-fab-facebook-f\" viewBox=\"0 0 320 512\" xmlns=\"http:\/\/www.w3.org\/2000\/svg\"><path d=\"M279.14 288l14.22-92.66h-88.91v-60.13c0-25.35 12.42-50.06 52.24-50.06h40.42V6.26S260.43 0 225.36 0c-73.22 0-121.08 44.38-121.08 124.72v70.62H22.89V288h81.39v224h100.17V288z\"><\/path><\/svg>\t\t\t\t\t\t<\/span>\n\t\t\t\t\t\t\t\t\t\t<span class=\"elementor-icon-list-text\">FACEBOOK<\/span>\n\t\t\t\t\t\t\t\t\t\t\t<\/a>\n\t\t\t\t\t\t\t\t\t<\/li>\n\t\t\t\t\t\t<\/ul>\n\t\t\t\t\t\t<\/div>\n\t\t\t\t<\/div>\n\t\t\t\t<div class=\"elementor-element elementor-element-f17c110 elementor-icon-list--layout-traditional elementor-list-item-link-full_width elementor-widget elementor-widget-icon-list\" data-id=\"f17c110\" data-element_type=\"widget\" data-widget_type=\"icon-list.default\">\n\t\t\t\t<div class=\"elementor-widget-container\">\n\t\t\t\t\t\t\t<ul class=\"elementor-icon-list-items\">\n\t\t\t\t\t\t\t<li class=\"elementor-icon-list-item\">\n\t\t\t\t\t\t\t\t\t\t\t<a href=\"https:\/\/www.instagram.com\/ole_barcelona\/\">\n\n\t\t\t\t\t\t\t\t\t\t\t\t<span class=\"elementor-icon-list-icon\">\n\t\t\t\t\t\t\t<svg aria-hidden=\"true\" class=\"e-font-icon-svg e-fab-instagram\" viewBox=\"0 0 448 512\" xmlns=\"http:\/\/www.w3.org\/2000\/svg\"><path d=\"M224.1 141c-63.6 0-114.9 51.3-114.9 114.9s51.3 114.9 114.9 114.9S339 319.5 339 255.9 287.7 141 224.1 141zm0 189.6c-41.1 0-74.7-33.5-74.7-74.7s33.5-74.7 74.7-74.7 74.7 33.5 74.7 74.7-33.6 74.7-74.7 74.7zm146.4-194.3c0 14.9-12 26.8-26.8 26.8-14.9 0-26.8-12-26.8-26.8s12-26.8 26.8-26.8 26.8 12 26.8 26.8zm76.1 27.2c-1.7-35.9-9.9-67.7-36.2-93.9-26.2-26.2-58-34.4-93.9-36.2-37-2.1-147.9-2.1-184.9 0-35.8 1.7-67.6 9.9-93.9 36.1s-34.4 58-36.2 93.9c-2.1 37-2.1 147.9 0 184.9 1.7 35.9 9.9 67.7 36.2 93.9s58 34.4 93.9 36.2c37 2.1 147.9 2.1 184.9 0 35.9-1.7 67.7-9.9 93.9-36.2 26.2-26.2 34.4-58 36.2-93.9 2.1-37 2.1-147.8 0-184.8zM398.8 388c-7.8 19.6-22.9 34.7-42.6 42.6-29.5 11.7-99.5 9-132.1 9s-102.7 2.6-132.1-9c-19.6-7.8-34.7-22.9-42.6-42.6-11.7-29.5-9-99.5-9-132.1s-2.6-102.7 9-132.1c7.8-19.6 22.9-34.7 42.6-42.6 29.5-11.7 99.5-9 132.1-9s102.7-2.6 132.1 9c19.6 7.8 34.7 22.9 42.6 42.6 11.7 29.5 9 99.5 9 132.1s2.7 102.7-9 132.1z\"><\/path><\/svg>\t\t\t\t\t\t<\/span>\n\t\t\t\t\t\t\t\t\t\t<span class=\"elementor-icon-list-text\">INSTAGRAM<\/span>\n\t\t\t\t\t\t\t\t\t\t\t<\/a>\n\t\t\t\t\t\t\t\t\t<\/li>\n\t\t\t\t\t\t<\/ul>\n\t\t\t\t\t\t<\/div>\n\t\t\t\t<\/div>\n\t\t\t\t<div class=\"elementor-element elementor-element-215cd38 elementor-icon-list--layout-traditional elementor-list-item-link-full_width elementor-widget elementor-widget-icon-list\" data-id=\"215cd38\" data-element_type=\"widget\" data-widget_type=\"icon-list.default\">\n\t\t\t\t<div class=\"elementor-widget-container\">\n\t\t\t\t\t\t\t<ul class=\"elementor-icon-list-items\">\n\t\t\t\t\t\t\t<li class=\"elementor-icon-list-item\">\n\t\t\t\t\t\t\t\t\t\t\t<a href=\"https:\/\/www.youtube.com\/channel\/UCFeMV2Ne5edxAg0llbctjRg\">\n\n\t\t\t\t\t\t\t\t\t\t\t\t<span class=\"elementor-icon-list-icon\">\n\t\t\t\t\t\t\t<svg aria-hidden=\"true\" class=\"e-font-icon-svg e-fab-youtube\" viewBox=\"0 0 576 512\" xmlns=\"http:\/\/www.w3.org\/2000\/svg\"><path d=\"M549.655 124.083c-6.281-23.65-24.787-42.276-48.284-48.597C458.781 64 288 64 288 64S117.22 64 74.629 75.486c-23.497 6.322-42.003 24.947-48.284 48.597-11.412 42.867-11.412 132.305-11.412 132.305s0 89.438 11.412 132.305c6.281 23.65 24.787 41.5 48.284 47.821C117.22 448 288 448 288 448s170.78 0 213.371-11.486c23.497-6.321 42.003-24.171 48.284-47.821 11.412-42.867 11.412-132.305 11.412-132.305s0-89.438-11.412-132.305zm-317.51 213.508V175.185l142.739 81.205-142.739 81.201z\"><\/path><\/svg>\t\t\t\t\t\t<\/span>\n\t\t\t\t\t\t\t\t\t\t<span class=\"elementor-icon-list-text\">YOUTUBE<\/span>\n\t\t\t\t\t\t\t\t\t\t\t<\/a>\n\t\t\t\t\t\t\t\t\t<\/li>\n\t\t\t\t\t\t<\/ul>\n\t\t\t\t\t\t<\/div>\n\t\t\t\t<\/div>\n\t\t\t\t\t<\/div>\n\t\t\t\t<\/div>\n\t\t\t\t\t<\/div>\n\t\t\t\t<\/div>\n\t\t<div class=\"elementor-element elementor-element-1c0e725 e-flex e-con-boxed e-con e-parent\" data-id=\"1c0e725\" data-element_type=\"container\">\n\t\t\t\t\t<div class=\"e-con-inner\">\n\t\t<div class=\"elementor-element elementor-element-75c6b02 e-con-full e-flex e-con e-child\" data-id=\"75c6b02\" data-element_type=\"container\" data-settings=\"{&quot;background_background&quot;:&quot;classic&quot;}\">\n\t\t\t\t<div class=\"elementor-element elementor-element-4c8d316 elementor-widget elementor-widget-text-editor\" data-id=\"4c8d316\" data-element_type=\"widget\" data-widget_type=\"text-editor.default\">\n\t\t\t\t<div class=\"elementor-widget-container\">\n\t\t\t\t\t\t\t\t\t<div class=\"col-12 mb-4 mt-5\"><p class=\"mt-3\"><span class=\"text-negro\">Seguro M\u00e9dico &#8212; Largo Plazo<\/span><\/p><\/div>\t\t\t\t\t\t\t\t<\/div>\n\t\t\t\t<\/div>\n\t\t\t\t<div class=\"elementor-element elementor-element-956c453 elementor-widget elementor-widget-text-editor\" data-id=\"956c453\" data-element_type=\"widget\" data-widget_type=\"text-editor.default\">\n\t\t\t\t<div class=\"elementor-widget-container\">\n\t\t\t\t\t\t\t\t\t<div class=\"col-md-12 ml-auto mr-auto text-center\"><p class=\"description text-negro\">Si planeas quedarte en Espa\u00f1a por m\u00e1s de 180 d\u00edas y necesitas un visado de estudiante de largo plazo (tipo D &#8212; &#171;Abierto&#187;), debes tener un seguro m\u00e9dico con cobertura completa para Espa\u00f1a. Para este tipo de seguro podemos recomendarte a nuestros colaboradores:<\/p><\/div><div class=\"col-md-6\"><div class=\"card card-profile card-plain\">\u00a0<\/div><\/div>\t\t\t\t\t\t\t\t<\/div>\n\t\t\t\t<\/div>\n\t\t\t\t<div class=\"elementor-element elementor-element-ce0f2e1 elementor-widget__width-initial elementor-widget elementor-widget-image\" data-id=\"ce0f2e1\" data-element_type=\"widget\" data-widget_type=\"image.default\">\n\t\t\t\t<div class=\"elementor-widget-container\">\n\t\t\t\t\t\t\t\t\t\t\t\t\t\t\t<img decoding=\"async\" width=\"214\" height=\"214\" src=\"https:\/\/ole-barcelona.es\/wp-content\/uploads\/2024\/09\/logo-sanitas3.png\" class=\"attachment-large size-large wp-image-1176\" alt=\"\" srcset=\"https:\/\/ole-barcelona.es\/wp-content\/uploads\/2024\/09\/logo-sanitas3.png 214w, https:\/\/ole-barcelona.es\/wp-content\/uploads\/2024\/09\/logo-sanitas3-100x100.png 100w, https:\/\/ole-barcelona.es\/wp-content\/uploads\/2024\/09\/logo-sanitas3-150x150.png 150w\" sizes=\"(max-width: 214px) 100vw, 214px\" \/>\t\t\t\t\t\t\t\t\t\t\t\t\t\t\t<\/div>\n\t\t\t\t<\/div>\n\t\t\t\t<div class=\"elementor-element elementor-element-1452d24 elementor-widget elementor-widget-text-editor\" data-id=\"1452d24\" data-element_type=\"widget\" data-widget_type=\"text-editor.default\">\n\t\t\t\t<div class=\"elementor-widget-container\">\n\t\t\t\t\t\t\t\t\t<div class=\"col-12 mb-4 mt-5\"><div class=\"author\"><p class=\"card-title\">SANITAS INTERNATIONAL STUDENTS<\/p><\/div><\/div>\t\t\t\t\t\t\t\t<\/div>\n\t\t\t\t<\/div>\n\t\t\t\t<div class=\"elementor-element elementor-element-a99d4dd elementor-widget elementor-widget-text-editor\" data-id=\"a99d4dd\" data-element_type=\"widget\" data-widget_type=\"text-editor.default\">\n\t\t\t\t<div class=\"elementor-widget-container\">\n\t\t\t\t\t\t\t\t\t<div class=\"col-md-12 ml-auto mr-auto text-center\"><p class=\"card-description text-center\"><span class=\"text-negro\">Un producto dirigido a estudiantes extranjeros que vienen a Espa\u00f1a y que est\u00e1 dise\u00f1ado para cubrir todas sus necesidades durante su estancia en el pa\u00eds.<\/span><\/p><\/div><div class=\"col-md-6\"><div class=\"card card-profile card-plain\">\u00a0<\/div><\/div>\t\t\t\t\t\t\t\t<\/div>\n\t\t\t\t<\/div>\n\t\t\t\t<div class=\"elementor-element elementor-element-ae498cc elementor-widget elementor-widget-text-editor\" data-id=\"ae498cc\" data-element_type=\"widget\" data-widget_type=\"text-editor.default\">\n\t\t\t\t<div class=\"elementor-widget-container\">\n\t\t\t\t\t\t\t\t\t<div class=\"col-12 mb-4 mt-5\"><div class=\"author\"><p class=\"card-title\">Precios<\/p><\/div><\/div>\t\t\t\t\t\t\t\t<\/div>\n\t\t\t\t<\/div>\n\t\t\t\t<div class=\"elementor-element elementor-element-23fcd23 elementor-widget__width-initial elementor-widget-tablet__width-initial elementor-widget-mobile__width-initial elementor-widget elementor-widget-image\" data-id=\"23fcd23\" data-element_type=\"widget\" data-widget_type=\"image.default\">\n\t\t\t\t<div class=\"elementor-widget-container\">\n\t\t\t\t\t\t\t\t\t\t\t\t\t\t\t<img fetchpriority=\"high\" decoding=\"async\" width=\"1024\" height=\"449\" src=\"https:\/\/ole-barcelona.es\/wp-content\/uploads\/2024\/09\/Captura-de-pantalla-2024-09-09-a-las-9.57.05-1024x449.png\" class=\"attachment-large size-large wp-image-1177\" alt=\"\" srcset=\"https:\/\/ole-barcelona.es\/wp-content\/uploads\/2024\/09\/Captura-de-pantalla-2024-09-09-a-las-9.57.05-1024x449.png 1024w, https:\/\/ole-barcelona.es\/wp-content\/uploads\/2024\/09\/Captura-de-pantalla-2024-09-09-a-las-9.57.05-600x263.png 600w, https:\/\/ole-barcelona.es\/wp-content\/uploads\/2024\/09\/Captura-de-pantalla-2024-09-09-a-las-9.57.05-300x132.png 300w, https:\/\/ole-barcelona.es\/wp-content\/uploads\/2024\/09\/Captura-de-pantalla-2024-09-09-a-las-9.57.05-768x337.png 768w, https:\/\/ole-barcelona.es\/wp-content\/uploads\/2024\/09\/Captura-de-pantalla-2024-09-09-a-las-9.57.05.png 1072w\" sizes=\"(max-width: 1024px) 100vw, 1024px\" \/>\t\t\t\t\t\t\t\t\t\t\t\t\t\t\t<\/div>\n\t\t\t\t<\/div>\n\t\t\t\t<div class=\"elementor-element elementor-element-e722370 elementor-widget elementor-widget-text-editor\" data-id=\"e722370\" data-element_type=\"widget\" data-widget_type=\"text-editor.default\">\n\t\t\t\t<div class=\"elementor-widget-container\">\n\t\t\t\t\t\t\t\t\t<div class=\"col-12 mb-4 mt-5\"><div class=\"author\"><p class=\"card-category text-muted mt-5 text-negro\">Para m\u00e1s informaci\u00f3n y para contratar el seguro, contacta con:<\/p><\/div><\/div>\t\t\t\t\t\t\t\t<\/div>\n\t\t\t\t<\/div>\n\t\t\t\t<div class=\"elementor-element elementor-element-fce0d28 elementor-widget elementor-widget-text-editor\" data-id=\"fce0d28\" data-element_type=\"widget\" data-widget_type=\"text-editor.default\">\n\t\t\t\t<div class=\"elementor-widget-container\">\n\t\t\t\t\t\t\t\t\t<div class=\"col-md-12 ml-auto mr-auto text-center\"><p class=\"text-negro\">ATANASIO S\u00c1NCHEZ<\/p><p class=\"text-negro\">atanasio@atanasiocorreduria.es<\/p><\/div><div class=\"col-md-6\"><div class=\"card card-profile card-plain\">\u00a0<\/div><\/div>\t\t\t\t\t\t\t\t<\/div>\n\t\t\t\t<\/div>\n\t\t\t\t<div class=\"elementor-element elementor-element-2b7a028 elementor-widget elementor-widget-text-editor\" data-id=\"2b7a028\" data-element_type=\"widget\" data-widget_type=\"text-editor.default\">\n\t\t\t\t<div class=\"elementor-widget-container\">\n\t\t\t\t\t\t\t\t\t<div class=\"col-md-12 ml-auto mr-auto text-center\"><p class=\"text-negro\"><a href=\"http:\/\/chrome-extension:\/\/efaidnbmnnnibpcajpcglclefindmkaj\/https:\/\/www.ole-barcelona.es\/assets\/img\/sanitas-english2.pdf\" data-wplink-url-error=\"true\"><span class=\"text-danger\">Consulta las coberturas en el folleto descargable<\/span><\/a><\/p><\/div><div class=\"col-md-6\"><div class=\"card card-profile card-plain\">\u00a0<\/div><\/div>\t\t\t\t\t\t\t\t<\/div>\n\t\t\t\t<\/div>\n\t\t\t\t<\/div>\n\t\t\t\t\t<\/div>\n\t\t\t\t<\/div>\n\t\t<div class=\"elementor-element elementor-element-6262297 e-flex e-con-boxed e-con e-parent\" data-id=\"6262297\" data-element_type=\"container\">\n\t\t\t\t\t<div class=\"e-con-inner\">\n\t\t\t\t<div class=\"elementor-element elementor-element-41467af elementor-widget elementor-widget-text-editor\" data-id=\"41467af\" data-element_type=\"widget\" data-widget_type=\"text-editor.default\">\n\t\t\t\t<div class=\"elementor-widget-container\">\n\t\t\t\t\t\t\t\t\t<div class=\"col-md-12 ml-auto mr-auto text-center\"><div class=\"mt-5\"><div class=\"container\"><div class=\"row mt-5 mb-5\"><div class=\"col-12 text-center\"><h5 class=\"description\">Si quieres mas informaci\u00f3n, por favor\u00a0cont\u00e1ctanos<\/h5><\/div><\/div><\/div><\/div><\/div><div class=\"col-md-6\"><div class=\"card card-profile card-plain\">\u00a0<\/div><\/div>\t\t\t\t\t\t\t\t<\/div>\n\t\t\t\t<\/div>\n\t\t\t\t\t<\/div>\n\t\t\t\t<\/div>\n\t\t\t\t<\/div>\n\t\t","protected":false},"excerpt":{"rendered":"<p>Seguro M\u00e9dico ( Seguro m\u00e9dico y de viaje para estudiantes ) Redes Sociales FACEBOOK INSTAGRAM YOUTUBE Seguro M\u00e9dico &#8212; Largo [&hellip;]<\/p>\n","protected":false},"author":1,"featured_media":0,"parent":0,"menu_order":0,"comment_status":"closed","ping_status":"closed","template":"","meta":{"site-sidebar-layout":"no-sidebar","site-content-layout":"","ast-site-content-layout":"full-width-container","site-content-style":"default","site-sidebar-style":"default","ast-global-header-display":"","ast-banner-title-visibility":"","ast-main-header-display":"","ast-hfb-above-header-display":"","ast-hfb-below-header-display":"","ast-hfb-mobile-header-display":"","site-post-title":"disabled","ast-breadcrumbs-content":"","ast-featured-img":"disabled","footer-sml-layout":"","theme-transparent-header-meta":"","adv-header-id-meta":"","stick-header-meta":"","header-above-stick-meta":"","header-main-stick-meta":"","header-below-stick-meta":"","astra-migrate-meta-layouts":"default","ast-page-background-enabled":"default","ast-page-background-meta":{"desktop":{"background-color":"var(--ast-global-color-4)","background-image":"","background-repeat":"repeat","background-position":"center center","background-size":"auto","background-attachment":"scroll","background-type":"","background-media":"","overlay-type":"","overlay-color":"","overlay-opacity":"","overlay-gradient":""},"tablet":{"background-color":"","background-image":"","background-repeat":"repeat","background-position":"center center","background-size":"auto","background-attachment":"scroll","background-type":"","background-media":"","overlay-type":"","overlay-color":"","overlay-opacity":"","overlay-gradient":""},"mobile":{"background-color":"","background-image":"","background-repeat":"repeat","background-position":"center center","background-size":"auto","background-attachment":"scroll","background-type":"","background-media":"","overlay-type":"","overlay-color":"","overlay-opacity":"","overlay-gradient":""}},"ast-content-background-meta":{"desktop":{"background-color":"var(--ast-global-color-5)","background-image":"","background-repeat":"repeat","background-position":"center center","background-size":"auto","background-attachment":"scroll","background-type":"","background-media":"","overlay-type":"","overlay-color":"","overlay-opacity":"","overlay-gradient":""},"tablet":{"background-color":"var(--ast-global-color-5)","background-image":"","background-repeat":"repeat","background-position":"center center","background-size":"auto","background-attachment":"scroll","background-type":"","background-media":"","overlay-type":"","overlay-color":"","overlay-opacity":"","overlay-gradient":""},"mobile":{"background-color":"var(--ast-global-color-5)","background-image":"","background-repeat":"repeat","background-position":"center center","background-size":"auto","background-attachment":"scroll","background-type":"","background-media":"","overlay-type":"","overlay-color":"","overlay-opacity":"","overlay-gradient":""}},"footnotes":""},"class_list":["post-7129","page","type-page","status-publish","hentry"],"yoast_head":"<!-- This site is optimized with the Yoast SEO plugin v27.2 - https:\/\/yoast.com\/product\/yoast-seo-wordpress\/ -->\n<title>Seguro M\u00e9dico - Ole Barcelona<\/title>\n<meta name=\"robots\" content=\"index, follow, max-snippet:-1, max-image-preview:large, max-video-preview:-1\" \/>\n<link rel=\"canonical\" href=\"https:\/\/ole-barcelona.es\/ru\/seguro-medico\/\" \/>\n<meta property=\"og:locale\" content=\"ru_RU\" \/>\n<meta property=\"og:type\" content=\"article\" \/>\n<meta property=\"og:title\" content=\"Seguro M\u00e9dico - Ole Barcelona\" \/>\n<meta property=\"og:description\" content=\"Seguro M\u00e9dico ( Seguro m\u00e9dico y de viaje para estudiantes ) Redes Sociales FACEBOOK INSTAGRAM YOUTUBE Seguro M\u00e9dico &#8212; Largo [&hellip;]\" \/>\n<meta property=\"og:url\" content=\"https:\/\/ole-barcelona.es\/ru\/seguro-medico\/\" \/>\n<meta property=\"og:site_name\" content=\"Ole Barcelona\" \/>\n<meta property=\"article:modified_time\" content=\"2025-06-12T15:07:23+00:00\" \/>\n<meta property=\"og:image\" content=\"http:\/\/ole-barcelona.es\/wp-content\/uploads\/2024\/09\/logo-sanitas3.png\" \/>\n<meta name=\"twitter:card\" content=\"summary_large_image\" \/>\n<meta name=\"twitter:label1\" content=\"\u041f\u0440\u0438\u043c\u0435\u0440\u043d\u043e\u0435 \u0432\u0440\u0435\u043c\u044f \u0434\u043b\u044f \u0447\u0442\u0435\u043d\u0438\u044f\" \/>\n\t<meta name=\"twitter:data1\" content=\"1 \u043c\u0438\u043d\u0443\u0442\u0430\" \/>\n<script type=\"application\/ld+json\" class=\"yoast-schema-graph\">{\"@context\":\"https:\/\/schema.org\",\"@graph\":[{\"@type\":\"WebPage\",\"@id\":\"https:\/\/ole-barcelona.es\/ru\/seguro-medico\/\",\"url\":\"https:\/\/ole-barcelona.es\/ru\/seguro-medico\/\",\"name\":\"Seguro M\u00e9dico - Ole Barcelona\",\"isPartOf\":{\"@id\":\"https:\/\/ole-barcelona.es\/#website\"},\"primaryImageOfPage\":{\"@id\":\"https:\/\/ole-barcelona.es\/ru\/seguro-medico\/#primaryimage\"},\"image\":{\"@id\":\"https:\/\/ole-barcelona.es\/ru\/seguro-medico\/#primaryimage\"},\"thumbnailUrl\":\"http:\/\/ole-barcelona.es\/wp-content\/uploads\/2024\/09\/logo-sanitas3.png\",\"datePublished\":\"2024-09-09T08:48:26+00:00\",\"dateModified\":\"2025-06-12T15:07:23+00:00\",\"breadcrumb\":{\"@id\":\"https:\/\/ole-barcelona.es\/ru\/seguro-medico\/#breadcrumb\"},\"inLanguage\":\"ru-RU\",\"potentialAction\":[{\"@type\":\"ReadAction\",\"target\":[\"https:\/\/ole-barcelona.es\/ru\/seguro-medico\/\"]}]},{\"@type\":\"ImageObject\",\"inLanguage\":\"ru-RU\",\"@id\":\"https:\/\/ole-barcelona.es\/ru\/seguro-medico\/#primaryimage\",\"url\":\"http:\/\/ole-barcelona.es\/wp-content\/uploads\/2024\/09\/logo-sanitas3.png\",\"contentUrl\":\"http:\/\/ole-barcelona.es\/wp-content\/uploads\/2024\/09\/logo-sanitas3.png\"},{\"@type\":\"BreadcrumbList\",\"@id\":\"https:\/\/ole-barcelona.es\/ru\/seguro-medico\/#breadcrumb\",\"itemListElement\":[{\"@type\":\"ListItem\",\"position\":1,\"name\":\"Home\",\"item\":\"https:\/\/ole-barcelona.es\/ru\/\"},{\"@type\":\"ListItem\",\"position\":2,\"name\":\"Seguro M\u00e9dico\"}]},{\"@type\":\"WebSite\",\"@id\":\"https:\/\/ole-barcelona.es\/#website\",\"url\":\"https:\/\/ole-barcelona.es\/\",\"name\":\"Ole Barcelona\",\"description\":\"\",\"publisher\":{\"@id\":\"https:\/\/ole-barcelona.es\/#organization\"},\"potentialAction\":[{\"@type\":\"SearchAction\",\"target\":{\"@type\":\"EntryPoint\",\"urlTemplate\":\"https:\/\/ole-barcelona.es\/?s={search_term_string}\"},\"query-input\":{\"@type\":\"PropertyValueSpecification\",\"valueRequired\":true,\"valueName\":\"search_term_string\"}}],\"inLanguage\":\"ru-RU\"},{\"@type\":\"Organization\",\"@id\":\"https:\/\/ole-barcelona.es\/#organization\",\"name\":\"Ole Barcelona\",\"url\":\"https:\/\/ole-barcelona.es\/\",\"logo\":{\"@type\":\"ImageObject\",\"inLanguage\":\"ru-RU\",\"@id\":\"https:\/\/ole-barcelona.es\/#\/schema\/logo\/image\/\",\"url\":\"https:\/\/ole-barcelona.es\/wp-content\/uploads\/2025\/07\/OleBCN.png\",\"contentUrl\":\"https:\/\/ole-barcelona.es\/wp-content\/uploads\/2025\/07\/OleBCN.png\",\"width\":1876,\"height\":1207,\"caption\":\"Ole Barcelona\"},\"image\":{\"@id\":\"https:\/\/ole-barcelona.es\/#\/schema\/logo\/image\/\"}}]}<\/script>\n<!-- \/ Yoast SEO plugin. -->","yoast_head_json":{"title":"Seguro M\u00e9dico - Ole Barcelona","robots":{"index":"index","follow":"follow","max-snippet":"max-snippet:-1","max-image-preview":"max-image-preview:large","max-video-preview":"max-video-preview:-1"},"canonical":"https:\/\/ole-barcelona.es\/ru\/seguro-medico\/","og_locale":"ru_RU","og_type":"article","og_title":"Seguro M\u00e9dico - Ole Barcelona","og_description":"Seguro M\u00e9dico ( Seguro m\u00e9dico y de viaje para estudiantes ) Redes Sociales FACEBOOK INSTAGRAM YOUTUBE Seguro M\u00e9dico &#8212; Largo [&hellip;]","og_url":"https:\/\/ole-barcelona.es\/ru\/seguro-medico\/","og_site_name":"Ole Barcelona","article_modified_time":"2025-06-12T15:07:23+00:00","og_image":[{"url":"http:\/\/ole-barcelona.es\/wp-content\/uploads\/2024\/09\/logo-sanitas3.png","type":"","width":"","height":""}],"twitter_card":"summary_large_image","twitter_misc":{"\u041f\u0440\u0438\u043c\u0435\u0440\u043d\u043e\u0435 \u0432\u0440\u0435\u043c\u044f \u0434\u043b\u044f \u0447\u0442\u0435\u043d\u0438\u044f":"1 \u043c\u0438\u043d\u0443\u0442\u0430"},"schema":{"@context":"https:\/\/schema.org","@graph":[{"@type":"WebPage","@id":"https:\/\/ole-barcelona.es\/ru\/seguro-medico\/","url":"https:\/\/ole-barcelona.es\/ru\/seguro-medico\/","name":"Seguro M\u00e9dico - Ole Barcelona","isPartOf":{"@id":"https:\/\/ole-barcelona.es\/#website"},"primaryImageOfPage":{"@id":"https:\/\/ole-barcelona.es\/ru\/seguro-medico\/#primaryimage"},"image":{"@id":"https:\/\/ole-barcelona.es\/ru\/seguro-medico\/#primaryimage"},"thumbnailUrl":"http:\/\/ole-barcelona.es\/wp-content\/uploads\/2024\/09\/logo-sanitas3.png","datePublished":"2024-09-09T08:48:26+00:00","dateModified":"2025-06-12T15:07:23+00:00","breadcrumb":{"@id":"https:\/\/ole-barcelona.es\/ru\/seguro-medico\/#breadcrumb"},"inLanguage":"ru-RU","potentialAction":[{"@type":"ReadAction","target":["https:\/\/ole-barcelona.es\/ru\/seguro-medico\/"]}]},{"@type":"ImageObject","inLanguage":"ru-RU","@id":"https:\/\/ole-barcelona.es\/ru\/seguro-medico\/#primaryimage","url":"http:\/\/ole-barcelona.es\/wp-content\/uploads\/2024\/09\/logo-sanitas3.png","contentUrl":"http:\/\/ole-barcelona.es\/wp-content\/uploads\/2024\/09\/logo-sanitas3.png"},{"@type":"BreadcrumbList","@id":"https:\/\/ole-barcelona.es\/ru\/seguro-medico\/#breadcrumb","itemListElement":[{"@type":"ListItem","position":1,"name":"Home","item":"https:\/\/ole-barcelona.es\/ru\/"},{"@type":"ListItem","position":2,"name":"Seguro M\u00e9dico"}]},{"@type":"WebSite","@id":"https:\/\/ole-barcelona.es\/#website","url":"https:\/\/ole-barcelona.es\/","name":"Ole Barcelona","description":"","publisher":{"@id":"https:\/\/ole-barcelona.es\/#organization"},"potentialAction":[{"@type":"SearchAction","target":{"@type":"EntryPoint","urlTemplate":"https:\/\/ole-barcelona.es\/?s={search_term_string}"},"query-input":{"@type":"PropertyValueSpecification","valueRequired":true,"valueName":"search_term_string"}}],"inLanguage":"ru-RU"},{"@type":"Organization","@id":"https:\/\/ole-barcelona.es\/#organization","name":"Ole Barcelona","url":"https:\/\/ole-barcelona.es\/","logo":{"@type":"ImageObject","inLanguage":"ru-RU","@id":"https:\/\/ole-barcelona.es\/#\/schema\/logo\/image\/","url":"https:\/\/ole-barcelona.es\/wp-content\/uploads\/2025\/07\/OleBCN.png","contentUrl":"https:\/\/ole-barcelona.es\/wp-content\/uploads\/2025\/07\/OleBCN.png","width":1876,"height":1207,"caption":"Ole Barcelona"},"image":{"@id":"https:\/\/ole-barcelona.es\/#\/schema\/logo\/image\/"}}]}},"_links":{"self":[{"href":"https:\/\/ole-barcelona.es\/ru\/wp-json\/wp\/v2\/pages\/7129","targetHints":{"allow":["GET"]}}],"collection":[{"href":"https:\/\/ole-barcelona.es\/ru\/wp-json\/wp\/v2\/pages"}],"about":[{"href":"https:\/\/ole-barcelona.es\/ru\/wp-json\/wp\/v2\/types\/page"}],"author":[{"embeddable":true,"href":"https:\/\/ole-barcelona.es\/ru\/wp-json\/wp\/v2\/users\/1"}],"replies":[{"embeddable":true,"href":"https:\/\/ole-barcelona.es\/ru\/wp-json\/wp\/v2\/comments?post=7129"}],"version-history":[{"count":3,"href":"https:\/\/ole-barcelona.es\/ru\/wp-json\/wp\/v2\/pages\/7129\/revisions"}],"predecessor-version":[{"id":10502,"href":"https:\/\/ole-barcelona.es\/ru\/wp-json\/wp\/v2\/pages\/7129\/revisions\/10502"}],"wp:attachment":[{"href":"https:\/\/ole-barcelona.es\/ru\/wp-json\/wp\/v2\/media?parent=7129"}],"curies":[{"name":"wp","href":"https:\/\/api.w.org\/{rel}","templated":true}]}}