{"id":7144,"date":"2024-09-09T11:23:46","date_gmt":"2024-09-09T09:23:46","guid":{"rendered":"http:\/\/ole-barcelona.es\/ubicacion-de-la-escuela\/"},"modified":"2024-09-09T11:23:46","modified_gmt":"2024-09-09T09:23:46","slug":"ubicacion-de-la-escuela","status":"publish","type":"page","link":"https:\/\/ole-barcelona.es\/ru\/ubicacion-de-la-escuela\/","title":{"rendered":"Ubicaci\u00f3n de la escuela"},"content":{"rendered":"\t\t<div data-elementor-type=\"wp-page\" data-elementor-id=\"7144\" class=\"elementor elementor-7144 elementor-4058\" data-elementor-post-type=\"page\">\n\t\t\t\t<div class=\"elementor-element elementor-element-3d70069 e-con-full e-flex e-con e-parent\" data-id=\"3d70069\" data-element_type=\"container\" data-settings=\"{&quot;background_background&quot;:&quot;classic&quot;}\">\n\t\t<div class=\"elementor-element elementor-element-212408b e-flex e-con-boxed e-con e-child\" data-id=\"212408b\" data-element_type=\"container\">\n\t\t\t\t\t<div class=\"e-con-inner\">\n\t\t\t\t<div class=\"elementor-element elementor-element-496ad6a elementor-widget__width-initial elementor-widget elementor-widget-heading\" data-id=\"496ad6a\" data-element_type=\"widget\" data-widget_type=\"heading.default\">\n\t\t\t\t<div class=\"elementor-widget-container\">\n\t\t\t\t\t<h2 class=\"elementor-heading-title elementor-size-default\">\u00bfD\u00f3nde estamos?<\/h2>\t\t\t\t<\/div>\n\t\t\t\t<\/div>\n\t\t\t\t<div class=\"elementor-element elementor-element-dd0b956 elementor-widget elementor-widget-text-editor\" data-id=\"dd0b956\" data-element_type=\"widget\" data-widget_type=\"text-editor.default\">\n\t\t\t\t<div class=\"elementor-widget-container\">\n\t\t\t\t\t\t\t\t\t<div class=\"page-header page-header-small\"><div class=\"content-center\"><div class=\"container\"><div class=\"page-header page-header-small\"><div class=\"content-center\"><div class=\"container\"><div class=\"page-header page-header-small\"><div class=\"content-center\"><div class=\"container\"><p>Ven a conocernos<\/p><\/div><\/div><\/div><\/div><\/div><\/div><\/div><\/div><\/div>\t\t\t\t\t\t\t\t<\/div>\n\t\t\t\t<\/div>\n\t\t\t\t\t<\/div>\n\t\t\t\t<\/div>\n\t\t\t\t<\/div>\n\t\t<div class=\"elementor-element elementor-element-1a7397f e-flex e-con-boxed e-con e-parent\" data-id=\"1a7397f\" data-element_type=\"container\" data-settings=\"{&quot;background_background&quot;:&quot;classic&quot;}\">\n\t\t\t\t\t<div class=\"e-con-inner\">\n\t\t<div class=\"elementor-element elementor-element-98f9760 e-con-full e-flex e-con e-child\" data-id=\"98f9760\" data-element_type=\"container\">\n\t\t\t\t<div class=\"elementor-element elementor-element-41a4e98 elementor-widget elementor-widget-text-editor\" data-id=\"41a4e98\" data-element_type=\"widget\" data-widget_type=\"text-editor.default\">\n\t\t\t\t<div class=\"elementor-widget-container\">\n\t\t\t\t\t\t\t\t\t<p>Redes Sociales<\/p>\t\t\t\t\t\t\t\t<\/div>\n\t\t\t\t<\/div>\n\t\t\t\t<\/div>\n\t\t<div class=\"elementor-element elementor-element-1503f59 e-flex e-con-boxed e-con e-child\" data-id=\"1503f59\" data-element_type=\"container\">\n\t\t\t\t\t<div class=\"e-con-inner\">\n\t\t\t\t<div class=\"elementor-element elementor-element-f76c954 elementor-icon-list--layout-traditional elementor-list-item-link-full_width elementor-widget elementor-widget-icon-list\" data-id=\"f76c954\" data-element_type=\"widget\" data-widget_type=\"icon-list.default\">\n\t\t\t\t<div class=\"elementor-widget-container\">\n\t\t\t\t\t\t\t<ul class=\"elementor-icon-list-items\">\n\t\t\t\t\t\t\t<li class=\"elementor-icon-list-item\">\n\t\t\t\t\t\t\t\t\t\t\t<a href=\"https:\/\/www.facebook.com\/Ole.Barcelona.Spanish\/\">\n\n\t\t\t\t\t\t\t\t\t\t\t\t<span class=\"elementor-icon-list-icon\">\n\t\t\t\t\t\t\t<svg aria-hidden=\"true\" class=\"e-font-icon-svg e-fab-facebook-f\" viewBox=\"0 0 320 512\" xmlns=\"http:\/\/www.w3.org\/2000\/svg\"><path d=\"M279.14 288l14.22-92.66h-88.91v-60.13c0-25.35 12.42-50.06 52.24-50.06h40.42V6.26S260.43 0 225.36 0c-73.22 0-121.08 44.38-121.08 124.72v70.62H22.89V288h81.39v224h100.17V288z\"><\/path><\/svg>\t\t\t\t\t\t<\/span>\n\t\t\t\t\t\t\t\t\t\t<span class=\"elementor-icon-list-text\">FACEBOOK<\/span>\n\t\t\t\t\t\t\t\t\t\t\t<\/a>\n\t\t\t\t\t\t\t\t\t<\/li>\n\t\t\t\t\t\t<\/ul>\n\t\t\t\t\t\t<\/div>\n\t\t\t\t<\/div>\n\t\t\t\t<div class=\"elementor-element elementor-element-26b1538 elementor-icon-list--layout-traditional elementor-list-item-link-full_width elementor-widget elementor-widget-icon-list\" data-id=\"26b1538\" data-element_type=\"widget\" data-widget_type=\"icon-list.default\">\n\t\t\t\t<div class=\"elementor-widget-container\">\n\t\t\t\t\t\t\t<ul class=\"elementor-icon-list-items\">\n\t\t\t\t\t\t\t<li class=\"elementor-icon-list-item\">\n\t\t\t\t\t\t\t\t\t\t\t<a href=\"https:\/\/www.instagram.com\/ole_barcelona\/\">\n\n\t\t\t\t\t\t\t\t\t\t\t\t<span class=\"elementor-icon-list-icon\">\n\t\t\t\t\t\t\t<svg aria-hidden=\"true\" class=\"e-font-icon-svg e-fab-instagram\" viewBox=\"0 0 448 512\" xmlns=\"http:\/\/www.w3.org\/2000\/svg\"><path d=\"M224.1 141c-63.6 0-114.9 51.3-114.9 114.9s51.3 114.9 114.9 114.9S339 319.5 339 255.9 287.7 141 224.1 141zm0 189.6c-41.1 0-74.7-33.5-74.7-74.7s33.5-74.7 74.7-74.7 74.7 33.5 74.7 74.7-33.6 74.7-74.7 74.7zm146.4-194.3c0 14.9-12 26.8-26.8 26.8-14.9 0-26.8-12-26.8-26.8s12-26.8 26.8-26.8 26.8 12 26.8 26.8zm76.1 27.2c-1.7-35.9-9.9-67.7-36.2-93.9-26.2-26.2-58-34.4-93.9-36.2-37-2.1-147.9-2.1-184.9 0-35.8 1.7-67.6 9.9-93.9 36.1s-34.4 58-36.2 93.9c-2.1 37-2.1 147.9 0 184.9 1.7 35.9 9.9 67.7 36.2 93.9s58 34.4 93.9 36.2c37 2.1 147.9 2.1 184.9 0 35.9-1.7 67.7-9.9 93.9-36.2 26.2-26.2 34.4-58 36.2-93.9 2.1-37 2.1-147.8 0-184.8zM398.8 388c-7.8 19.6-22.9 34.7-42.6 42.6-29.5 11.7-99.5 9-132.1 9s-102.7 2.6-132.1-9c-19.6-7.8-34.7-22.9-42.6-42.6-11.7-29.5-9-99.5-9-132.1s-2.6-102.7 9-132.1c7.8-19.6 22.9-34.7 42.6-42.6 29.5-11.7 99.5-9 132.1-9s102.7-2.6 132.1 9c19.6 7.8 34.7 22.9 42.6 42.6 11.7 29.5 9 99.5 9 132.1s2.7 102.7-9 132.1z\"><\/path><\/svg>\t\t\t\t\t\t<\/span>\n\t\t\t\t\t\t\t\t\t\t<span class=\"elementor-icon-list-text\">INSTAGRAM<\/span>\n\t\t\t\t\t\t\t\t\t\t\t<\/a>\n\t\t\t\t\t\t\t\t\t<\/li>\n\t\t\t\t\t\t<\/ul>\n\t\t\t\t\t\t<\/div>\n\t\t\t\t<\/div>\n\t\t\t\t<div class=\"elementor-element elementor-element-7e4a6f5 elementor-icon-list--layout-traditional elementor-list-item-link-full_width elementor-widget elementor-widget-icon-list\" data-id=\"7e4a6f5\" data-element_type=\"widget\" data-widget_type=\"icon-list.default\">\n\t\t\t\t<div class=\"elementor-widget-container\">\n\t\t\t\t\t\t\t<ul class=\"elementor-icon-list-items\">\n\t\t\t\t\t\t\t<li class=\"elementor-icon-list-item\">\n\t\t\t\t\t\t\t\t\t\t\t<a href=\"https:\/\/www.youtube.com\/channel\/UCFeMV2Ne5edxAg0llbctjRg\">\n\n\t\t\t\t\t\t\t\t\t\t\t\t<span class=\"elementor-icon-list-icon\">\n\t\t\t\t\t\t\t<svg aria-hidden=\"true\" class=\"e-font-icon-svg e-fab-youtube\" viewBox=\"0 0 576 512\" xmlns=\"http:\/\/www.w3.org\/2000\/svg\"><path d=\"M549.655 124.083c-6.281-23.65-24.787-42.276-48.284-48.597C458.781 64 288 64 288 64S117.22 64 74.629 75.486c-23.497 6.322-42.003 24.947-48.284 48.597-11.412 42.867-11.412 132.305-11.412 132.305s0 89.438 11.412 132.305c6.281 23.65 24.787 41.5 48.284 47.821C117.22 448 288 448 288 448s170.78 0 213.371-11.486c23.497-6.321 42.003-24.171 48.284-47.821 11.412-42.867 11.412-132.305 11.412-132.305s0-89.438-11.412-132.305zm-317.51 213.508V175.185l142.739 81.205-142.739 81.201z\"><\/path><\/svg>\t\t\t\t\t\t<\/span>\n\t\t\t\t\t\t\t\t\t\t<span class=\"elementor-icon-list-text\">YOUTUBE<\/span>\n\t\t\t\t\t\t\t\t\t\t\t<\/a>\n\t\t\t\t\t\t\t\t\t<\/li>\n\t\t\t\t\t\t<\/ul>\n\t\t\t\t\t\t<\/div>\n\t\t\t\t<\/div>\n\t\t\t\t\t<\/div>\n\t\t\t\t<\/div>\n\t\t\t\t\t<\/div>\n\t\t\t\t<\/div>\n\t\t<div class=\"elementor-element elementor-element-031ee76 e-con-full e-flex e-con e-child\" data-id=\"031ee76\" data-element_type=\"container\">\n\t\t\t\t<div class=\"elementor-element elementor-element-302f4c9 elementor-widget__width-initial elementor-widget elementor-widget-heading\" data-id=\"302f4c9\" data-element_type=\"widget\" data-widget_type=\"heading.default\">\n\t\t\t\t<div class=\"elementor-widget-container\">\n\t\t\t\t\t<h2 class=\"elementor-heading-title elementor-size-default\">Informaci\u00f3n de contacto<\/h2>\t\t\t\t<\/div>\n\t\t\t\t<\/div>\n\t\t\t\t<div class=\"elementor-element elementor-element-ff475d9 elementor-widget-divider--view-line elementor-widget elementor-widget-divider\" data-id=\"ff475d9\" data-element_type=\"widget\" data-widget_type=\"divider.default\">\n\t\t\t\t<div class=\"elementor-widget-container\">\n\t\t\t\t\t\t\t<div class=\"elementor-divider\">\n\t\t\t<span class=\"elementor-divider-separator\">\n\t\t\t\t\t\t<\/span>\n\t\t<\/div>\n\t\t\t\t\t\t<\/div>\n\t\t\t\t<\/div>\n\t\t\t\t<\/div>\n\t\t<div class=\"elementor-element elementor-element-0549cf2 e-flex e-con-boxed e-con e-parent\" data-id=\"0549cf2\" data-element_type=\"container\">\n\t\t\t\t\t<div class=\"e-con-inner\">\n\t\t<div class=\"elementor-element elementor-element-d1f79c6 e-con-full e-flex e-con e-child\" data-id=\"d1f79c6\" data-element_type=\"container\">\n\t\t\t\t<div class=\"elementor-element elementor-element-ef8c4f6 elementor-widget elementor-widget-text-editor\" data-id=\"ef8c4f6\" data-element_type=\"widget\" data-widget_type=\"text-editor.default\">\n\t\t\t\t<div class=\"elementor-widget-container\">\n\t\t\t\t\t\t\t\t\t<p class=\"info-title text-left font-weight-bold mb-4\">Ubicaci\u00f3n<\/p>\t\t\t\t\t\t\t\t<\/div>\n\t\t\t\t<\/div>\n\t\t\t\t<div class=\"elementor-element elementor-element-1ef919d elementor-widget elementor-widget-text-editor\" data-id=\"1ef919d\" data-element_type=\"widget\" data-widget_type=\"text-editor.default\">\n\t\t\t\t<div class=\"elementor-widget-container\">\n\t\t\t\t\t\t\t\t\t<div class=\"row mt-4\"><div class=\"col-md-12 ml-auto mr-auto\"><div class=\"container\"><div class=\"row mb-5 mt-4\"><div class=\"col-md-12 ml-auto mr-auto\"><p class=\"text-gris3\">Ol\u00e9 Languages est\u00e1 ubicada en el Eixample, un barrio c\u00e9ntrico, a 15 minutos caminando de Pla\u00e7a Catalunya. Se encuentra en una hermosa zona llena de caf\u00e9s y restaurantes. Tambi\u00e9n est\u00e1 muy bien conectada por el transporte p\u00fablico.<\/p><\/div><\/div><\/div><div class=\"\"><div class=\"container\"><div class=\"row pt-3 justify-content-center\"><div class=\"col-md-12\"><div class=\"\"><div class=\"row\"><div class=\"col-md-6\"><div class=\"\">\u00a0<\/div><\/div><\/div><\/div><\/div><\/div><\/div><\/div><\/div><\/div>\t\t\t\t\t\t\t\t<\/div>\n\t\t\t\t<\/div>\n\t\t\t\t<\/div>\n\t\t<div class=\"elementor-element elementor-element-364d03e e-con-full e-flex e-con e-child\" data-id=\"364d03e\" data-element_type=\"container\">\n\t\t\t\t<div class=\"elementor-element elementor-element-0392afd elementor-widget elementor-widget-text-editor\" data-id=\"0392afd\" data-element_type=\"widget\" data-widget_type=\"text-editor.default\">\n\t\t\t\t<div class=\"elementor-widget-container\">\n\t\t\t\t\t\t\t\t\t<p class=\"info-title font-weight-bold mb-4\">Direcci\u00f3n<\/p>\t\t\t\t\t\t\t\t<\/div>\n\t\t\t\t<\/div>\n\t\t\t\t<div class=\"elementor-element elementor-element-4a78f8f elementor-widget elementor-widget-text-editor\" data-id=\"4a78f8f\" data-element_type=\"widget\" data-widget_type=\"text-editor.default\">\n\t\t\t\t<div class=\"elementor-widget-container\">\n\t\t\t\t\t\t\t\t\t<div class=\"row mt-4\"><div class=\"col-md-12 ml-auto mr-auto\"><div class=\"container\"><div class=\"row mb-5 mt-4\"><div class=\"col-md-12 ml-auto mr-auto\"><div class=\"mb-2\"><p><b class=\"text-negro\">Calle:<\/b> Mallorca 201, Bajos 08036, Barcelona<\/p><p><b class=\"text-negro\" style=\"font-style: inherit;\">Tel\u00e9fono:<\/b><span style=\"font-size: 16px;\">\u00a0+34 93 797 54 58<\/span><\/p><\/div><div class=\"mb-2\"><p><b class=\"text-negro\">Correo-e:<\/b>\u00a0info_ole@olelanguages.com<\/p><\/div><div class=\"mb-2\"><p><b class=\"text-negro\">Horario:<\/b>\u00a08:30 a 19:30 Lunes a Viernes<\/p><\/div><\/div><\/div><\/div><div class=\"\"><div class=\"container\"><div class=\"row pt-3 justify-content-center\"><div class=\"col-md-12\"><div class=\"\"><div class=\"row\"><div class=\"col-md-6\"><div class=\"\">\u00a0<\/div><\/div><\/div><\/div><\/div><\/div><\/div><\/div><\/div><\/div>\t\t\t\t\t\t\t\t<\/div>\n\t\t\t\t<\/div>\n\t\t\t\t<\/div>\n\t\t<div class=\"elementor-element elementor-element-29c9464 e-con-full e-flex e-con e-child\" data-id=\"29c9464\" data-element_type=\"container\">\n\t\t\t\t<div class=\"elementor-element elementor-element-67c1ec1 elementor-widget elementor-widget-text-editor\" data-id=\"67c1ec1\" data-element_type=\"widget\" data-widget_type=\"text-editor.default\">\n\t\t\t\t<div class=\"elementor-widget-container\">\n\t\t\t\t\t\t\t\t\t<p class=\"info-title font-weight-bold mb-4\">Como llegar<\/p>\t\t\t\t\t\t\t\t<\/div>\n\t\t\t\t<\/div>\n\t\t\t\t<div class=\"elementor-element elementor-element-6679845 elementor-widget elementor-widget-text-editor\" data-id=\"6679845\" data-element_type=\"widget\" data-widget_type=\"text-editor.default\">\n\t\t\t\t<div class=\"elementor-widget-container\">\n\t\t\t\t\t\t\t\t\t<div class=\"row mt-4\"><div class=\"col-md-12 ml-auto mr-auto\"><div class=\"container\"><div class=\"row mb-5 mt-4\"><div class=\"col-md-12 ml-auto mr-auto\"><div class=\"container\"><div class=\"row mb-4\"><div class=\"col-md-4 col-sm-4\"><div class=\"info\"><div class=\"description text-left\"><div class=\"mb-2\"><p><b class=\"text-negro\">Metro:\u00a0<\/b>Proven\u00e7a (FGC),<br \/>Passeig de Gracia (Line 3),<br \/>Diagonal (Line 3 and 5),<br \/>Hospital Clinic (Line 5),<br \/>Universitat (Line 1).<\/p><\/div><div class=\"mb-2\"><p><b class=\"text-negro\">Bus:<\/b> 25 , 34 , 45<\/p><\/div><\/div><\/div><\/div><\/div><\/div><\/div><\/div><\/div><div class=\"\"><div class=\"container\"><div class=\"row pt-3 justify-content-center\"><div class=\"col-md-12\"><div class=\"\"><div class=\"row\"><div class=\"col-md-6\"><div class=\"\">\u00a0<\/div><\/div><\/div><\/div><\/div><\/div><\/div><\/div><\/div><\/div>\t\t\t\t\t\t\t\t<\/div>\n\t\t\t\t<\/div>\n\t\t\t\t<\/div>\n\t\t\t\t\t<\/div>\n\t\t\t\t<\/div>\n\t\t<div class=\"elementor-element elementor-element-c923638 e-con-full e-flex e-con e-parent\" data-id=\"c923638\" data-element_type=\"container\">\n\t\t\t\t<div class=\"elementor-element elementor-element-349dbec elementor-widget elementor-widget-google_maps\" data-id=\"349dbec\" data-element_type=\"widget\" data-widget_type=\"google_maps.default\">\n\t\t\t\t<div class=\"elementor-widget-container\">\n\t\t\t\t\t\t\t<div class=\"elementor-custom-embed\">\n\t\t\t<iframe loading=\"lazy\"\n\t\t\t\t\tsrc=\"https:\/\/maps.google.com\/maps?q=Ol%C3%A9%20Languages%20C%2F%20de%20Mallorca%2C%20201%2C%20L%27Eixample%2C%2008036%20Barcelona%2C%20Espa%C3%B1a&#038;t=m&#038;z=16&#038;output=embed&#038;iwloc=near\"\n\t\t\t\t\ttitle=\"Ol\u00e9 Languages C\/ de Mallorca, 201, L&#039;Eixample, 08036 Barcelona, Espa\u00f1a\"\n\t\t\t\t\taria-label=\"Ol\u00e9 Languages C\/ de Mallorca, 201, L&#039;Eixample, 08036 Barcelona, Espa\u00f1a\"\n\t\t\t><\/iframe>\n\t\t<\/div>\n\t\t\t\t\t\t<\/div>\n\t\t\t\t<\/div>\n\t\t\t\t<\/div>\n\t\t\t\t<\/div>\n\t\t","protected":false},"excerpt":{"rendered":"<p>\u00bfD\u00f3nde estamos? Ven a conocernos Redes Sociales FACEBOOK INSTAGRAM YOUTUBE Informaci\u00f3n de contacto Ubicaci\u00f3n Ol\u00e9 Languages est\u00e1 ubicada en el [&hellip;]<\/p>\n","protected":false},"author":1,"featured_media":0,"parent":0,"menu_order":0,"comment_status":"closed","ping_status":"closed","template":"","meta":{"site-sidebar-layout":"no-sidebar","site-content-layout":"","ast-site-content-layout":"full-width-container","site-content-style":"default","site-sidebar-style":"default","ast-global-header-display":"","ast-banner-title-visibility":"","ast-main-header-display":"","ast-hfb-above-header-display":"","ast-hfb-below-header-display":"","ast-hfb-mobile-header-display":"","site-post-title":"disabled","ast-breadcrumbs-content":"","ast-featured-img":"disabled","footer-sml-layout":"","theme-transparent-header-meta":"","adv-header-id-meta":"","stick-header-meta":"","header-above-stick-meta":"","header-main-stick-meta":"","header-below-stick-meta":"","astra-migrate-meta-layouts":"default","ast-page-background-enabled":"default","ast-page-background-meta":{"desktop":{"background-color":"var(--ast-global-color-4)","background-image":"","background-repeat":"repeat","background-position":"center center","background-size":"auto","background-attachment":"scroll","background-type":"","background-media":"","overlay-type":"","overlay-color":"","overlay-opacity":"","overlay-gradient":""},"tablet":{"background-color":"","background-image":"","background-repeat":"repeat","background-position":"center center","background-size":"auto","background-attachment":"scroll","background-type":"","background-media":"","overlay-type":"","overlay-color":"","overlay-opacity":"","overlay-gradient":""},"mobile":{"background-color":"","background-image":"","background-repeat":"repeat","background-position":"center center","background-size":"auto","background-attachment":"scroll","background-type":"","background-media":"","overlay-type":"","overlay-color":"","overlay-opacity":"","overlay-gradient":""}},"ast-content-background-meta":{"desktop":{"background-color":"var(--ast-global-color-5)","background-image":"","background-repeat":"repeat","background-position":"center center","background-size":"auto","background-attachment":"scroll","background-type":"","background-media":"","overlay-type":"","overlay-color":"","overlay-opacity":"","overlay-gradient":""},"tablet":{"background-color":"var(--ast-global-color-5)","background-image":"","background-repeat":"repeat","background-position":"center center","background-size":"auto","background-attachment":"scroll","background-type":"","background-media":"","overlay-type":"","overlay-color":"","overlay-opacity":"","overlay-gradient":""},"mobile":{"background-color":"var(--ast-global-color-5)","background-image":"","background-repeat":"repeat","background-position":"center center","background-size":"auto","background-attachment":"scroll","background-type":"","background-media":"","overlay-type":"","overlay-color":"","overlay-opacity":"","overlay-gradient":""}},"footnotes":""},"class_list":["post-7144","page","type-page","status-publish","hentry"],"yoast_head":"<!-- This site is optimized with the Yoast SEO plugin v27.2 - https:\/\/yoast.com\/product\/yoast-seo-wordpress\/ -->\n<title>Ubicaci\u00f3n de la escuela - Ole Barcelona<\/title>\n<meta name=\"robots\" content=\"index, follow, max-snippet:-1, max-image-preview:large, max-video-preview:-1\" \/>\n<link rel=\"canonical\" href=\"https:\/\/ole-barcelona.es\/ru\/ubicacion-de-la-escuela\/\" \/>\n<meta property=\"og:locale\" content=\"ru_RU\" \/>\n<meta property=\"og:type\" content=\"article\" \/>\n<meta property=\"og:title\" content=\"Ubicaci\u00f3n de la escuela - Ole Barcelona\" \/>\n<meta property=\"og:description\" content=\"\u00bfD\u00f3nde estamos? Ven a conocernos Redes Sociales FACEBOOK INSTAGRAM YOUTUBE Informaci\u00f3n de contacto Ubicaci\u00f3n Ol\u00e9 Languages est\u00e1 ubicada en el [&hellip;]\" \/>\n<meta property=\"og:url\" content=\"https:\/\/ole-barcelona.es\/ru\/ubicacion-de-la-escuela\/\" \/>\n<meta property=\"og:site_name\" content=\"Ole Barcelona\" \/>\n<meta name=\"twitter:card\" content=\"summary_large_image\" \/>\n<script type=\"application\/ld+json\" class=\"yoast-schema-graph\">{\"@context\":\"https:\/\/schema.org\",\"@graph\":[{\"@type\":\"WebPage\",\"@id\":\"https:\/\/ole-barcelona.es\/ru\/ubicacion-de-la-escuela\/\",\"url\":\"https:\/\/ole-barcelona.es\/ru\/ubicacion-de-la-escuela\/\",\"name\":\"Ubicaci\u00f3n de la escuela - Ole Barcelona\",\"isPartOf\":{\"@id\":\"https:\/\/ole-barcelona.es\/#website\"},\"datePublished\":\"2024-09-09T09:23:46+00:00\",\"breadcrumb\":{\"@id\":\"https:\/\/ole-barcelona.es\/ru\/ubicacion-de-la-escuela\/#breadcrumb\"},\"inLanguage\":\"ru-RU\",\"potentialAction\":[{\"@type\":\"ReadAction\",\"target\":[\"https:\/\/ole-barcelona.es\/ru\/ubicacion-de-la-escuela\/\"]}]},{\"@type\":\"BreadcrumbList\",\"@id\":\"https:\/\/ole-barcelona.es\/ru\/ubicacion-de-la-escuela\/#breadcrumb\",\"itemListElement\":[{\"@type\":\"ListItem\",\"position\":1,\"name\":\"Home\",\"item\":\"https:\/\/ole-barcelona.es\/ru\/\"},{\"@type\":\"ListItem\",\"position\":2,\"name\":\"Ubicaci\u00f3n de la escuela\"}]},{\"@type\":\"WebSite\",\"@id\":\"https:\/\/ole-barcelona.es\/#website\",\"url\":\"https:\/\/ole-barcelona.es\/\",\"name\":\"Ole Barcelona\",\"description\":\"\",\"publisher\":{\"@id\":\"https:\/\/ole-barcelona.es\/#organization\"},\"potentialAction\":[{\"@type\":\"SearchAction\",\"target\":{\"@type\":\"EntryPoint\",\"urlTemplate\":\"https:\/\/ole-barcelona.es\/?s={search_term_string}\"},\"query-input\":{\"@type\":\"PropertyValueSpecification\",\"valueRequired\":true,\"valueName\":\"search_term_string\"}}],\"inLanguage\":\"ru-RU\"},{\"@type\":\"Organization\",\"@id\":\"https:\/\/ole-barcelona.es\/#organization\",\"name\":\"Ole Barcelona\",\"url\":\"https:\/\/ole-barcelona.es\/\",\"logo\":{\"@type\":\"ImageObject\",\"inLanguage\":\"ru-RU\",\"@id\":\"https:\/\/ole-barcelona.es\/#\/schema\/logo\/image\/\",\"url\":\"https:\/\/ole-barcelona.es\/wp-content\/uploads\/2025\/07\/OleBCN.png\",\"contentUrl\":\"https:\/\/ole-barcelona.es\/wp-content\/uploads\/2025\/07\/OleBCN.png\",\"width\":1876,\"height\":1207,\"caption\":\"Ole Barcelona\"},\"image\":{\"@id\":\"https:\/\/ole-barcelona.es\/#\/schema\/logo\/image\/\"}}]}<\/script>\n<!-- \/ Yoast SEO plugin. -->","yoast_head_json":{"title":"Ubicaci\u00f3n de la escuela - Ole Barcelona","robots":{"index":"index","follow":"follow","max-snippet":"max-snippet:-1","max-image-preview":"max-image-preview:large","max-video-preview":"max-video-preview:-1"},"canonical":"https:\/\/ole-barcelona.es\/ru\/ubicacion-de-la-escuela\/","og_locale":"ru_RU","og_type":"article","og_title":"Ubicaci\u00f3n de la escuela - Ole Barcelona","og_description":"\u00bfD\u00f3nde estamos? Ven a conocernos Redes Sociales FACEBOOK INSTAGRAM YOUTUBE Informaci\u00f3n de contacto Ubicaci\u00f3n Ol\u00e9 Languages est\u00e1 ubicada en el [&hellip;]","og_url":"https:\/\/ole-barcelona.es\/ru\/ubicacion-de-la-escuela\/","og_site_name":"Ole Barcelona","twitter_card":"summary_large_image","schema":{"@context":"https:\/\/schema.org","@graph":[{"@type":"WebPage","@id":"https:\/\/ole-barcelona.es\/ru\/ubicacion-de-la-escuela\/","url":"https:\/\/ole-barcelona.es\/ru\/ubicacion-de-la-escuela\/","name":"Ubicaci\u00f3n de la escuela - Ole Barcelona","isPartOf":{"@id":"https:\/\/ole-barcelona.es\/#website"},"datePublished":"2024-09-09T09:23:46+00:00","breadcrumb":{"@id":"https:\/\/ole-barcelona.es\/ru\/ubicacion-de-la-escuela\/#breadcrumb"},"inLanguage":"ru-RU","potentialAction":[{"@type":"ReadAction","target":["https:\/\/ole-barcelona.es\/ru\/ubicacion-de-la-escuela\/"]}]},{"@type":"BreadcrumbList","@id":"https:\/\/ole-barcelona.es\/ru\/ubicacion-de-la-escuela\/#breadcrumb","itemListElement":[{"@type":"ListItem","position":1,"name":"Home","item":"https:\/\/ole-barcelona.es\/ru\/"},{"@type":"ListItem","position":2,"name":"Ubicaci\u00f3n de la escuela"}]},{"@type":"WebSite","@id":"https:\/\/ole-barcelona.es\/#website","url":"https:\/\/ole-barcelona.es\/","name":"Ole Barcelona","description":"","publisher":{"@id":"https:\/\/ole-barcelona.es\/#organization"},"potentialAction":[{"@type":"SearchAction","target":{"@type":"EntryPoint","urlTemplate":"https:\/\/ole-barcelona.es\/?s={search_term_string}"},"query-input":{"@type":"PropertyValueSpecification","valueRequired":true,"valueName":"search_term_string"}}],"inLanguage":"ru-RU"},{"@type":"Organization","@id":"https:\/\/ole-barcelona.es\/#organization","name":"Ole Barcelona","url":"https:\/\/ole-barcelona.es\/","logo":{"@type":"ImageObject","inLanguage":"ru-RU","@id":"https:\/\/ole-barcelona.es\/#\/schema\/logo\/image\/","url":"https:\/\/ole-barcelona.es\/wp-content\/uploads\/2025\/07\/OleBCN.png","contentUrl":"https:\/\/ole-barcelona.es\/wp-content\/uploads\/2025\/07\/OleBCN.png","width":1876,"height":1207,"caption":"Ole Barcelona"},"image":{"@id":"https:\/\/ole-barcelona.es\/#\/schema\/logo\/image\/"}}]}},"_links":{"self":[{"href":"https:\/\/ole-barcelona.es\/ru\/wp-json\/wp\/v2\/pages\/7144","targetHints":{"allow":["GET"]}}],"collection":[{"href":"https:\/\/ole-barcelona.es\/ru\/wp-json\/wp\/v2\/pages"}],"about":[{"href":"https:\/\/ole-barcelona.es\/ru\/wp-json\/wp\/v2\/types\/page"}],"author":[{"embeddable":true,"href":"https:\/\/ole-barcelona.es\/ru\/wp-json\/wp\/v2\/users\/1"}],"replies":[{"embeddable":true,"href":"https:\/\/ole-barcelona.es\/ru\/wp-json\/wp\/v2\/comments?post=7144"}],"version-history":[{"count":0,"href":"https:\/\/ole-barcelona.es\/ru\/wp-json\/wp\/v2\/pages\/7144\/revisions"}],"wp:attachment":[{"href":"https:\/\/ole-barcelona.es\/ru\/wp-json\/wp\/v2\/media?parent=7144"}],"curies":[{"name":"wp","href":"https:\/\/api.w.org\/{rel}","templated":true}]}}