{"id":7147,"date":"2024-09-09T10:35:13","date_gmt":"2024-09-09T08:35:13","guid":{"rendered":"http:\/\/ole-barcelona.es\/visado-de-estudiante-antes-de-llegar\/"},"modified":"2025-06-12T17:06:29","modified_gmt":"2025-06-12T15:06:29","slug":"visado-de-estudiante-antes-de-llegar","status":"publish","type":"page","link":"https:\/\/ole-barcelona.es\/ru\/visado-de-estudiante-antes-de-llegar\/","title":{"rendered":"Visado de estudiante antes de llegar"},"content":{"rendered":"\t\t<div data-elementor-type=\"wp-page\" data-elementor-id=\"7147\" class=\"elementor elementor-7147 elementor-4064\" data-elementor-post-type=\"page\">\n\t\t\t\t<div class=\"elementor-element elementor-element-9035618 e-con-full e-flex e-con e-parent\" data-id=\"9035618\" data-element_type=\"container\" data-settings=\"{&quot;background_background&quot;:&quot;classic&quot;}\">\n\t\t<div class=\"elementor-element elementor-element-5936ab9 e-flex e-con-boxed e-con e-child\" data-id=\"5936ab9\" data-element_type=\"container\">\n\t\t\t\t\t<div class=\"e-con-inner\">\n\t\t\t\t<div class=\"elementor-element elementor-element-9daeeca elementor-widget__width-initial elementor-widget elementor-widget-heading\" data-id=\"9daeeca\" data-element_type=\"widget\" data-widget_type=\"heading.default\">\n\t\t\t\t<div class=\"elementor-widget-container\">\n\t\t\t\t\t<h2 class=\"elementor-heading-title elementor-size-default\">Visado de estudiante<\/h2>\t\t\t\t<\/div>\n\t\t\t\t<\/div>\n\t\t\t\t<div class=\"elementor-element elementor-element-9c8166b elementor-widget elementor-widget-text-editor\" data-id=\"9c8166b\" data-element_type=\"widget\" data-widget_type=\"text-editor.default\">\n\t\t\t\t<div class=\"elementor-widget-container\">\n\t\t\t\t\t\t\t\t\t<div class=\"page-header page-header-small\"><div class=\"content-center\"><div class=\"container\"><div class=\"page-header page-header-small\"><div class=\"content-center\"><div class=\"container\"><div class=\"page-header page-header-xs2\"><div class=\"content-center\"><div class=\"container\"><p>( Informaci\u00f3n sobre el visado de estudiante de Espa\u00f1a)<\/p><\/div><\/div><\/div><\/div><\/div><\/div><\/div><\/div><\/div>\t\t\t\t\t\t\t\t<\/div>\n\t\t\t\t<\/div>\n\t\t\t\t\t<\/div>\n\t\t\t\t<\/div>\n\t\t\t\t<\/div>\n\t\t<div class=\"elementor-element elementor-element-8f90ee9 e-flex e-con-boxed e-con e-parent\" data-id=\"8f90ee9\" data-element_type=\"container\" data-settings=\"{&quot;background_background&quot;:&quot;classic&quot;}\">\n\t\t\t\t\t<div class=\"e-con-inner\">\n\t\t<div class=\"elementor-element elementor-element-2c99a93 e-con-full e-flex e-con e-child\" data-id=\"2c99a93\" data-element_type=\"container\">\n\t\t\t\t<div class=\"elementor-element elementor-element-9f35267 elementor-widget elementor-widget-text-editor\" data-id=\"9f35267\" data-element_type=\"widget\" data-widget_type=\"text-editor.default\">\n\t\t\t\t<div class=\"elementor-widget-container\">\n\t\t\t\t\t\t\t\t\t<p>Redes Sociales<\/p>\t\t\t\t\t\t\t\t<\/div>\n\t\t\t\t<\/div>\n\t\t\t\t<\/div>\n\t\t<div class=\"elementor-element elementor-element-6d018bb e-flex e-con-boxed e-con e-child\" data-id=\"6d018bb\" data-element_type=\"container\">\n\t\t\t\t\t<div class=\"e-con-inner\">\n\t\t\t\t<div class=\"elementor-element elementor-element-07b5f9e elementor-icon-list--layout-traditional elementor-list-item-link-full_width elementor-widget elementor-widget-icon-list\" data-id=\"07b5f9e\" data-element_type=\"widget\" data-widget_type=\"icon-list.default\">\n\t\t\t\t<div class=\"elementor-widget-container\">\n\t\t\t\t\t\t\t<ul class=\"elementor-icon-list-items\">\n\t\t\t\t\t\t\t<li class=\"elementor-icon-list-item\">\n\t\t\t\t\t\t\t\t\t\t\t<a href=\"https:\/\/www.facebook.com\/Ole.Barcelona.Spanish\/\">\n\n\t\t\t\t\t\t\t\t\t\t\t\t<span class=\"elementor-icon-list-icon\">\n\t\t\t\t\t\t\t<svg aria-hidden=\"true\" class=\"e-font-icon-svg e-fab-facebook-f\" viewBox=\"0 0 320 512\" xmlns=\"http:\/\/www.w3.org\/2000\/svg\"><path d=\"M279.14 288l14.22-92.66h-88.91v-60.13c0-25.35 12.42-50.06 52.24-50.06h40.42V6.26S260.43 0 225.36 0c-73.22 0-121.08 44.38-121.08 124.72v70.62H22.89V288h81.39v224h100.17V288z\"><\/path><\/svg>\t\t\t\t\t\t<\/span>\n\t\t\t\t\t\t\t\t\t\t<span class=\"elementor-icon-list-text\">FACEBOOK<\/span>\n\t\t\t\t\t\t\t\t\t\t\t<\/a>\n\t\t\t\t\t\t\t\t\t<\/li>\n\t\t\t\t\t\t<\/ul>\n\t\t\t\t\t\t<\/div>\n\t\t\t\t<\/div>\n\t\t\t\t<div class=\"elementor-element elementor-element-d3750b7 elementor-icon-list--layout-traditional elementor-list-item-link-full_width elementor-widget elementor-widget-icon-list\" data-id=\"d3750b7\" data-element_type=\"widget\" data-widget_type=\"icon-list.default\">\n\t\t\t\t<div class=\"elementor-widget-container\">\n\t\t\t\t\t\t\t<ul class=\"elementor-icon-list-items\">\n\t\t\t\t\t\t\t<li class=\"elementor-icon-list-item\">\n\t\t\t\t\t\t\t\t\t\t\t<a href=\"https:\/\/www.instagram.com\/ole_barcelona\/\">\n\n\t\t\t\t\t\t\t\t\t\t\t\t<span class=\"elementor-icon-list-icon\">\n\t\t\t\t\t\t\t<svg aria-hidden=\"true\" class=\"e-font-icon-svg e-fab-instagram\" viewBox=\"0 0 448 512\" xmlns=\"http:\/\/www.w3.org\/2000\/svg\"><path d=\"M224.1 141c-63.6 0-114.9 51.3-114.9 114.9s51.3 114.9 114.9 114.9S339 319.5 339 255.9 287.7 141 224.1 141zm0 189.6c-41.1 0-74.7-33.5-74.7-74.7s33.5-74.7 74.7-74.7 74.7 33.5 74.7 74.7-33.6 74.7-74.7 74.7zm146.4-194.3c0 14.9-12 26.8-26.8 26.8-14.9 0-26.8-12-26.8-26.8s12-26.8 26.8-26.8 26.8 12 26.8 26.8zm76.1 27.2c-1.7-35.9-9.9-67.7-36.2-93.9-26.2-26.2-58-34.4-93.9-36.2-37-2.1-147.9-2.1-184.9 0-35.8 1.7-67.6 9.9-93.9 36.1s-34.4 58-36.2 93.9c-2.1 37-2.1 147.9 0 184.9 1.7 35.9 9.9 67.7 36.2 93.9s58 34.4 93.9 36.2c37 2.1 147.9 2.1 184.9 0 35.9-1.7 67.7-9.9 93.9-36.2 26.2-26.2 34.4-58 36.2-93.9 2.1-37 2.1-147.8 0-184.8zM398.8 388c-7.8 19.6-22.9 34.7-42.6 42.6-29.5 11.7-99.5 9-132.1 9s-102.7 2.6-132.1-9c-19.6-7.8-34.7-22.9-42.6-42.6-11.7-29.5-9-99.5-9-132.1s-2.6-102.7 9-132.1c7.8-19.6 22.9-34.7 42.6-42.6 29.5-11.7 99.5-9 132.1-9s102.7-2.6 132.1 9c19.6 7.8 34.7 22.9 42.6 42.6 11.7 29.5 9 99.5 9 132.1s2.7 102.7-9 132.1z\"><\/path><\/svg>\t\t\t\t\t\t<\/span>\n\t\t\t\t\t\t\t\t\t\t<span class=\"elementor-icon-list-text\">INSTAGRAM<\/span>\n\t\t\t\t\t\t\t\t\t\t\t<\/a>\n\t\t\t\t\t\t\t\t\t<\/li>\n\t\t\t\t\t\t<\/ul>\n\t\t\t\t\t\t<\/div>\n\t\t\t\t<\/div>\n\t\t\t\t<div class=\"elementor-element elementor-element-2f43abf elementor-icon-list--layout-traditional elementor-list-item-link-full_width elementor-widget elementor-widget-icon-list\" data-id=\"2f43abf\" data-element_type=\"widget\" data-widget_type=\"icon-list.default\">\n\t\t\t\t<div class=\"elementor-widget-container\">\n\t\t\t\t\t\t\t<ul class=\"elementor-icon-list-items\">\n\t\t\t\t\t\t\t<li class=\"elementor-icon-list-item\">\n\t\t\t\t\t\t\t\t\t\t\t<a href=\"https:\/\/www.youtube.com\/channel\/UCFeMV2Ne5edxAg0llbctjRg\">\n\n\t\t\t\t\t\t\t\t\t\t\t\t<span class=\"elementor-icon-list-icon\">\n\t\t\t\t\t\t\t<svg aria-hidden=\"true\" class=\"e-font-icon-svg e-fab-youtube\" viewBox=\"0 0 576 512\" xmlns=\"http:\/\/www.w3.org\/2000\/svg\"><path d=\"M549.655 124.083c-6.281-23.65-24.787-42.276-48.284-48.597C458.781 64 288 64 288 64S117.22 64 74.629 75.486c-23.497 6.322-42.003 24.947-48.284 48.597-11.412 42.867-11.412 132.305-11.412 132.305s0 89.438 11.412 132.305c6.281 23.65 24.787 41.5 48.284 47.821C117.22 448 288 448 288 448s170.78 0 213.371-11.486c23.497-6.321 42.003-24.171 48.284-47.821 11.412-42.867 11.412-132.305 11.412-132.305s0-89.438-11.412-132.305zm-317.51 213.508V175.185l142.739 81.205-142.739 81.201z\"><\/path><\/svg>\t\t\t\t\t\t<\/span>\n\t\t\t\t\t\t\t\t\t\t<span class=\"elementor-icon-list-text\">YOUTUBE<\/span>\n\t\t\t\t\t\t\t\t\t\t\t<\/a>\n\t\t\t\t\t\t\t\t\t<\/li>\n\t\t\t\t\t\t<\/ul>\n\t\t\t\t\t\t<\/div>\n\t\t\t\t<\/div>\n\t\t\t\t\t<\/div>\n\t\t\t\t<\/div>\n\t\t\t\t\t<\/div>\n\t\t\t\t<\/div>\n\t\t<div class=\"elementor-element elementor-element-c1c2288 e-flex e-con-boxed e-con e-parent\" data-id=\"c1c2288\" data-element_type=\"container\">\n\t\t\t\t\t<div class=\"e-con-inner\">\n\t\t\t\t<div class=\"elementor-element elementor-element-07d1ba7 elementor-widget__width-initial elementor-widget elementor-widget-heading\" data-id=\"07d1ba7\" data-element_type=\"widget\" data-widget_type=\"heading.default\">\n\t\t\t\t<div class=\"elementor-widget-container\">\n\t\t\t\t\t<h2 class=\"elementor-heading-title elementor-size-default\">Consigue tu visado<\/h2>\t\t\t\t<\/div>\n\t\t\t\t<\/div>\n\t\t\t\t<div class=\"elementor-element elementor-element-93e2261 elementor-widget-divider--view-line elementor-widget elementor-widget-divider\" data-id=\"93e2261\" data-element_type=\"widget\" data-widget_type=\"divider.default\">\n\t\t\t\t<div class=\"elementor-widget-container\">\n\t\t\t\t\t\t\t<div class=\"elementor-divider\">\n\t\t\t<span class=\"elementor-divider-separator\">\n\t\t\t\t\t\t<\/span>\n\t\t<\/div>\n\t\t\t\t\t\t<\/div>\n\t\t\t\t<\/div>\n\t\t\t\t<div class=\"elementor-element elementor-element-b05ef80 elementor-widget elementor-widget-text-editor\" data-id=\"b05ef80\" data-element_type=\"widget\" data-widget_type=\"text-editor.default\">\n\t\t\t\t<div class=\"elementor-widget-container\">\n\t\t\t\t\t\t\t\t\t<div class=\"container\"><div class=\"row mt-3\"><div class=\"col-12\"><p>Si est\u00e1s pensando en estudiar espa\u00f1ol en Espa\u00f1a, aseg\u00farate de que el visado que elijas sea el correcto. Ol\u00e9 Languages te ayudar\u00e1 con eso.<\/p><\/div><\/div><\/div>\t\t\t\t\t\t\t\t<\/div>\n\t\t\t\t<\/div>\n\t\t\t\t\t<\/div>\n\t\t\t\t<\/div>\n\t\t<div class=\"elementor-element elementor-element-2275dea e-con-full e-flex e-con e-child\" data-id=\"2275dea\" data-element_type=\"container\">\n\t\t<div class=\"elementor-element elementor-element-80cc9ca e-con-full e-flex e-con e-child\" data-id=\"80cc9ca\" data-element_type=\"container\" data-settings=\"{&quot;background_background&quot;:&quot;classic&quot;}\">\n\t\t\t\t<div class=\"elementor-element elementor-element-9ef35c7 elementor-widget elementor-widget-heading\" data-id=\"9ef35c7\" data-element_type=\"widget\" data-widget_type=\"heading.default\">\n\t\t\t\t<div class=\"elementor-widget-container\">\n\t\t\t\t\t<h2 class=\"elementor-heading-title elementor-size-default\">Antes de llegar<\/h2>\t\t\t\t<\/div>\n\t\t\t\t<\/div>\n\t\t\t\t<\/div>\n\t\t<div class=\"elementor-element elementor-element-e035e7f e-con-full e-flex e-con e-child\" data-id=\"e035e7f\" data-element_type=\"container\">\n\t\t\t\t<div class=\"elementor-element elementor-element-19dde8c elementor-widget elementor-widget-heading\" data-id=\"19dde8c\" data-element_type=\"widget\" data-widget_type=\"heading.default\">\n\t\t\t\t<div class=\"elementor-widget-container\">\n\t\t\t\t\t<h2 class=\"elementor-heading-title elementor-size-default\"><a href=\"http:\/\/ole-barcelona.es\/es\/visado-de-estudiante-despues-de-llegar\/\">Despu\u00e9s de llegar<\/a><\/h2>\t\t\t\t<\/div>\n\t\t\t\t<\/div>\n\t\t\t\t<\/div>\n\t\t\t\t<\/div>\n\t\t<div class=\"elementor-element elementor-element-59a4ed9 e-flex e-con-boxed e-con e-parent\" data-id=\"59a4ed9\" data-element_type=\"container\">\n\t\t\t\t\t<div class=\"e-con-inner\">\n\t\t\t\t<div class=\"elementor-element elementor-element-5c9d709 elementor-widget elementor-widget-text-editor\" data-id=\"5c9d709\" data-element_type=\"widget\" data-widget_type=\"text-editor.default\">\n\t\t\t\t<div class=\"elementor-widget-container\">\n\t\t\t\t\t\t\t\t\t<p>Una vez que est\u00e9s en Espa\u00f1a, tendr\u00e1s que obtener el &#171;NIE&#187; (N\u00famero de Identificaci\u00f3n de Extranjero). El NIE es el n\u00famero de identificaci\u00f3n en Espa\u00f1a para todas las personas que no son ciudadanos espa\u00f1oles. Tanto los ciudadanos de la UE como los que no lo son obtienen un NIE.<br \/><br \/>Tienes un m\u00e1ximo de 90 d\u00edas despu\u00e9s de la llegada para obtener el NIE. Sin embargo, te recomendamos que lo pidas dentro de los primeros 30 d\u00edas. Las fechas de todo el curso de espa\u00f1ol se indicar\u00e1n en el NIE.<br \/>Para obtener m\u00e1s informaci\u00f3n sobre c\u00f3mo recibir tu NIE,\u00a0cont\u00e1ctanos.<\/p>\t\t\t\t\t\t\t\t<\/div>\n\t\t\t\t<\/div>\n\t\t\t\t\t<\/div>\n\t\t\t\t<\/div>\n\t\t<div class=\"elementor-element elementor-element-31461b6 e-flex e-con-boxed e-con e-parent\" data-id=\"31461b6\" data-element_type=\"container\" data-settings=\"{&quot;background_background&quot;:&quot;classic&quot;}\">\n\t\t\t\t\t<div class=\"e-con-inner\">\n\t\t<div class=\"elementor-element elementor-element-0136b33 e-con-full e-flex e-con e-child\" data-id=\"0136b33\" data-element_type=\"container\">\n\t\t\t\t<div class=\"elementor-element elementor-element-e3763ba elementor-widget elementor-widget-text-editor\" data-id=\"e3763ba\" data-element_type=\"widget\" data-widget_type=\"text-editor.default\">\n\t\t\t\t<div class=\"elementor-widget-container\">\n\t\t\t\t\t\t\t\t\t<p>Acreditada\/Reconocida por:<\/p>\t\t\t\t\t\t\t\t<\/div>\n\t\t\t\t<\/div>\n\t\t\t\t<\/div>\n\t\t<div class=\"elementor-element elementor-element-0dad99d e-flex e-con-boxed e-con e-child\" data-id=\"0dad99d\" data-element_type=\"container\">\n\t\t\t\t\t<div class=\"e-con-inner\">\n\t\t\t\t<div class=\"elementor-element elementor-element-db57c86 elementor-widget__width-initial elementor-widget elementor-widget-image\" data-id=\"db57c86\" data-element_type=\"widget\" data-widget_type=\"image.default\">\n\t\t\t\t<div class=\"elementor-widget-container\">\n\t\t\t\t\t\t\t\t\t\t\t\t\t\t\t<img decoding=\"async\" width=\"180\" height=\"149\" src=\"https:\/\/ole-barcelona.es\/wp-content\/uploads\/2024\/08\/acreditados3.png\" class=\"attachment-large size-large wp-image-33\" alt=\"\" \/>\t\t\t\t\t\t\t\t\t\t\t\t\t\t\t<\/div>\n\t\t\t\t<\/div>\n\t\t\t\t<div class=\"elementor-element elementor-element-59e9c11 elementor-widget__width-initial elementor-widget elementor-widget-image\" data-id=\"59e9c11\" data-element_type=\"widget\" data-widget_type=\"image.default\">\n\t\t\t\t<div class=\"elementor-widget-container\">\n\t\t\t\t\t\t\t\t\t\t\t\t\t\t\t<img decoding=\"async\" width=\"100\" height=\"100\" src=\"https:\/\/ole-barcelona.es\/wp-content\/uploads\/2024\/08\/csn.jpg\" class=\"attachment-large size-large wp-image-56\" alt=\"\" \/>\t\t\t\t\t\t\t\t\t\t\t\t\t\t\t<\/div>\n\t\t\t\t<\/div>\n\t\t\t\t<div class=\"elementor-element elementor-element-4fe9599 elementor-widget__width-initial elementor-widget elementor-widget-image\" data-id=\"4fe9599\" data-element_type=\"widget\" data-widget_type=\"image.default\">\n\t\t\t\t<div class=\"elementor-widget-container\">\n\t\t\t\t\t\t\t\t\t\t\t\t\t\t\t<img decoding=\"async\" width=\"180\" height=\"71\" src=\"https:\/\/ole-barcelona.es\/wp-content\/uploads\/2024\/08\/IED3.png\" class=\"attachment-large size-large wp-image-58\" alt=\"\" \/>\t\t\t\t\t\t\t\t\t\t\t\t\t\t\t<\/div>\n\t\t\t\t<\/div>\n\t\t\t\t<div class=\"elementor-element elementor-element-808f772 elementor-widget__width-initial elementor-widget elementor-widget-image\" data-id=\"808f772\" data-element_type=\"widget\" data-widget_type=\"image.default\">\n\t\t\t\t<div class=\"elementor-widget-container\">\n\t\t\t\t\t\t\t\t\t\t\t\t\t\t\t<img loading=\"lazy\" decoding=\"async\" width=\"300\" height=\"258\" src=\"https:\/\/ole-barcelona.es\/wp-content\/uploads\/2024\/08\/Fedele-azul2.jpg\" class=\"attachment-large size-large wp-image-57\" alt=\"\" \/>\t\t\t\t\t\t\t\t\t\t\t\t\t\t\t<\/div>\n\t\t\t\t<\/div>\n\t\t\t\t\t<\/div>\n\t\t\t\t<\/div>\n\t\t\t\t\t<\/div>\n\t\t\t\t<\/div>\n\t\t\t\t<\/div>\n\t\t","protected":false},"excerpt":{"rendered":"<p>Visado de estudiante ( Informaci\u00f3n sobre el visado de estudiante de Espa\u00f1a) Redes Sociales FACEBOOK INSTAGRAM YOUTUBE Consigue tu visado [&hellip;]<\/p>\n","protected":false},"author":1,"featured_media":0,"parent":0,"menu_order":0,"comment_status":"closed","ping_status":"closed","template":"","meta":{"site-sidebar-layout":"no-sidebar","site-content-layout":"","ast-site-content-layout":"full-width-container","site-content-style":"default","site-sidebar-style":"default","ast-global-header-display":"","ast-banner-title-visibility":"","ast-main-header-display":"","ast-hfb-above-header-display":"","ast-hfb-below-header-display":"","ast-hfb-mobile-header-display":"","site-post-title":"disabled","ast-breadcrumbs-content":"","ast-featured-img":"disabled","footer-sml-layout":"","theme-transparent-header-meta":"","adv-header-id-meta":"","stick-header-meta":"","header-above-stick-meta":"","header-main-stick-meta":"","header-below-stick-meta":"","astra-migrate-meta-layouts":"default","ast-page-background-enabled":"default","ast-page-background-meta":{"desktop":{"background-color":"var(--ast-global-color-4)","background-image":"","background-repeat":"repeat","background-position":"center center","background-size":"auto","background-attachment":"scroll","background-type":"","background-media":"","overlay-type":"","overlay-color":"","overlay-opacity":"","overlay-gradient":""},"tablet":{"background-color":"","background-image":"","background-repeat":"repeat","background-position":"center center","background-size":"auto","background-attachment":"scroll","background-type":"","background-media":"","overlay-type":"","overlay-color":"","overlay-opacity":"","overlay-gradient":""},"mobile":{"background-color":"","background-image":"","background-repeat":"repeat","background-position":"center center","background-size":"auto","background-attachment":"scroll","background-type":"","background-media":"","overlay-type":"","overlay-color":"","overlay-opacity":"","overlay-gradient":""}},"ast-content-background-meta":{"desktop":{"background-color":"var(--ast-global-color-5)","background-image":"","background-repeat":"repeat","background-position":"center center","background-size":"auto","background-attachment":"scroll","background-type":"","background-media":"","overlay-type":"","overlay-color":"","overlay-opacity":"","overlay-gradient":""},"tablet":{"background-color":"var(--ast-global-color-5)","background-image":"","background-repeat":"repeat","background-position":"center center","background-size":"auto","background-attachment":"scroll","background-type":"","background-media":"","overlay-type":"","overlay-color":"","overlay-opacity":"","overlay-gradient":""},"mobile":{"background-color":"var(--ast-global-color-5)","background-image":"","background-repeat":"repeat","background-position":"center center","background-size":"auto","background-attachment":"scroll","background-type":"","background-media":"","overlay-type":"","overlay-color":"","overlay-opacity":"","overlay-gradient":""}},"footnotes":""},"class_list":["post-7147","page","type-page","status-publish","hentry"],"yoast_head":"<!-- This site is optimized with the Yoast SEO plugin v27.2 - https:\/\/yoast.com\/product\/yoast-seo-wordpress\/ -->\n<title>Visado de estudiante antes de llegar - Ole Barcelona<\/title>\n<meta name=\"robots\" content=\"index, follow, max-snippet:-1, max-image-preview:large, max-video-preview:-1\" \/>\n<link rel=\"canonical\" href=\"https:\/\/ole-barcelona.es\/ru\/visado-de-estudiante-antes-de-llegar\/\" \/>\n<meta property=\"og:locale\" content=\"ru_RU\" \/>\n<meta property=\"og:type\" content=\"article\" \/>\n<meta property=\"og:title\" content=\"Visado de estudiante antes de llegar - Ole Barcelona\" \/>\n<meta property=\"og:description\" content=\"Visado de estudiante ( Informaci\u00f3n sobre el visado de estudiante de Espa\u00f1a) Redes Sociales FACEBOOK INSTAGRAM YOUTUBE Consigue tu visado [&hellip;]\" \/>\n<meta property=\"og:url\" content=\"https:\/\/ole-barcelona.es\/ru\/visado-de-estudiante-antes-de-llegar\/\" \/>\n<meta property=\"og:site_name\" content=\"Ole Barcelona\" \/>\n<meta property=\"article:modified_time\" content=\"2025-06-12T15:06:29+00:00\" \/>\n<meta property=\"og:image\" content=\"http:\/\/ole-barcelona.es\/wp-content\/uploads\/2024\/08\/acreditados3.png\" \/>\n<meta name=\"twitter:card\" content=\"summary_large_image\" \/>\n<meta name=\"twitter:label1\" content=\"\u041f\u0440\u0438\u043c\u0435\u0440\u043d\u043e\u0435 \u0432\u0440\u0435\u043c\u044f \u0434\u043b\u044f \u0447\u0442\u0435\u043d\u0438\u044f\" \/>\n\t<meta name=\"twitter:data1\" content=\"1 \u043c\u0438\u043d\u0443\u0442\u0430\" \/>\n<script type=\"application\/ld+json\" class=\"yoast-schema-graph\">{\"@context\":\"https:\/\/schema.org\",\"@graph\":[{\"@type\":\"WebPage\",\"@id\":\"https:\/\/ole-barcelona.es\/ru\/visado-de-estudiante-antes-de-llegar\/\",\"url\":\"https:\/\/ole-barcelona.es\/ru\/visado-de-estudiante-antes-de-llegar\/\",\"name\":\"Visado de estudiante antes de llegar - Ole Barcelona\",\"isPartOf\":{\"@id\":\"https:\/\/ole-barcelona.es\/#website\"},\"primaryImageOfPage\":{\"@id\":\"https:\/\/ole-barcelona.es\/ru\/visado-de-estudiante-antes-de-llegar\/#primaryimage\"},\"image\":{\"@id\":\"https:\/\/ole-barcelona.es\/ru\/visado-de-estudiante-antes-de-llegar\/#primaryimage\"},\"thumbnailUrl\":\"http:\/\/ole-barcelona.es\/wp-content\/uploads\/2024\/08\/acreditados3.png\",\"datePublished\":\"2024-09-09T08:35:13+00:00\",\"dateModified\":\"2025-06-12T15:06:29+00:00\",\"breadcrumb\":{\"@id\":\"https:\/\/ole-barcelona.es\/ru\/visado-de-estudiante-antes-de-llegar\/#breadcrumb\"},\"inLanguage\":\"ru-RU\",\"potentialAction\":[{\"@type\":\"ReadAction\",\"target\":[\"https:\/\/ole-barcelona.es\/ru\/visado-de-estudiante-antes-de-llegar\/\"]}]},{\"@type\":\"ImageObject\",\"inLanguage\":\"ru-RU\",\"@id\":\"https:\/\/ole-barcelona.es\/ru\/visado-de-estudiante-antes-de-llegar\/#primaryimage\",\"url\":\"http:\/\/ole-barcelona.es\/wp-content\/uploads\/2024\/08\/acreditados3.png\",\"contentUrl\":\"http:\/\/ole-barcelona.es\/wp-content\/uploads\/2024\/08\/acreditados3.png\"},{\"@type\":\"BreadcrumbList\",\"@id\":\"https:\/\/ole-barcelona.es\/ru\/visado-de-estudiante-antes-de-llegar\/#breadcrumb\",\"itemListElement\":[{\"@type\":\"ListItem\",\"position\":1,\"name\":\"Home\",\"item\":\"https:\/\/ole-barcelona.es\/ru\/\"},{\"@type\":\"ListItem\",\"position\":2,\"name\":\"Visado de estudiante antes de llegar\"}]},{\"@type\":\"WebSite\",\"@id\":\"https:\/\/ole-barcelona.es\/#website\",\"url\":\"https:\/\/ole-barcelona.es\/\",\"name\":\"Ole Barcelona\",\"description\":\"\",\"publisher\":{\"@id\":\"https:\/\/ole-barcelona.es\/#organization\"},\"potentialAction\":[{\"@type\":\"SearchAction\",\"target\":{\"@type\":\"EntryPoint\",\"urlTemplate\":\"https:\/\/ole-barcelona.es\/?s={search_term_string}\"},\"query-input\":{\"@type\":\"PropertyValueSpecification\",\"valueRequired\":true,\"valueName\":\"search_term_string\"}}],\"inLanguage\":\"ru-RU\"},{\"@type\":\"Organization\",\"@id\":\"https:\/\/ole-barcelona.es\/#organization\",\"name\":\"Ole Barcelona\",\"url\":\"https:\/\/ole-barcelona.es\/\",\"logo\":{\"@type\":\"ImageObject\",\"inLanguage\":\"ru-RU\",\"@id\":\"https:\/\/ole-barcelona.es\/#\/schema\/logo\/image\/\",\"url\":\"https:\/\/ole-barcelona.es\/wp-content\/uploads\/2025\/07\/OleBCN.png\",\"contentUrl\":\"https:\/\/ole-barcelona.es\/wp-content\/uploads\/2025\/07\/OleBCN.png\",\"width\":1876,\"height\":1207,\"caption\":\"Ole Barcelona\"},\"image\":{\"@id\":\"https:\/\/ole-barcelona.es\/#\/schema\/logo\/image\/\"}}]}<\/script>\n<!-- \/ Yoast SEO plugin. -->","yoast_head_json":{"title":"Visado de estudiante antes de llegar - Ole Barcelona","robots":{"index":"index","follow":"follow","max-snippet":"max-snippet:-1","max-image-preview":"max-image-preview:large","max-video-preview":"max-video-preview:-1"},"canonical":"https:\/\/ole-barcelona.es\/ru\/visado-de-estudiante-antes-de-llegar\/","og_locale":"ru_RU","og_type":"article","og_title":"Visado de estudiante antes de llegar - Ole Barcelona","og_description":"Visado de estudiante ( Informaci\u00f3n sobre el visado de estudiante de Espa\u00f1a) Redes Sociales FACEBOOK INSTAGRAM YOUTUBE Consigue tu visado [&hellip;]","og_url":"https:\/\/ole-barcelona.es\/ru\/visado-de-estudiante-antes-de-llegar\/","og_site_name":"Ole Barcelona","article_modified_time":"2025-06-12T15:06:29+00:00","og_image":[{"url":"http:\/\/ole-barcelona.es\/wp-content\/uploads\/2024\/08\/acreditados3.png","type":"","width":"","height":""}],"twitter_card":"summary_large_image","twitter_misc":{"\u041f\u0440\u0438\u043c\u0435\u0440\u043d\u043e\u0435 \u0432\u0440\u0435\u043c\u044f \u0434\u043b\u044f \u0447\u0442\u0435\u043d\u0438\u044f":"1 \u043c\u0438\u043d\u0443\u0442\u0430"},"schema":{"@context":"https:\/\/schema.org","@graph":[{"@type":"WebPage","@id":"https:\/\/ole-barcelona.es\/ru\/visado-de-estudiante-antes-de-llegar\/","url":"https:\/\/ole-barcelona.es\/ru\/visado-de-estudiante-antes-de-llegar\/","name":"Visado de estudiante antes de llegar - Ole Barcelona","isPartOf":{"@id":"https:\/\/ole-barcelona.es\/#website"},"primaryImageOfPage":{"@id":"https:\/\/ole-barcelona.es\/ru\/visado-de-estudiante-antes-de-llegar\/#primaryimage"},"image":{"@id":"https:\/\/ole-barcelona.es\/ru\/visado-de-estudiante-antes-de-llegar\/#primaryimage"},"thumbnailUrl":"http:\/\/ole-barcelona.es\/wp-content\/uploads\/2024\/08\/acreditados3.png","datePublished":"2024-09-09T08:35:13+00:00","dateModified":"2025-06-12T15:06:29+00:00","breadcrumb":{"@id":"https:\/\/ole-barcelona.es\/ru\/visado-de-estudiante-antes-de-llegar\/#breadcrumb"},"inLanguage":"ru-RU","potentialAction":[{"@type":"ReadAction","target":["https:\/\/ole-barcelona.es\/ru\/visado-de-estudiante-antes-de-llegar\/"]}]},{"@type":"ImageObject","inLanguage":"ru-RU","@id":"https:\/\/ole-barcelona.es\/ru\/visado-de-estudiante-antes-de-llegar\/#primaryimage","url":"http:\/\/ole-barcelona.es\/wp-content\/uploads\/2024\/08\/acreditados3.png","contentUrl":"http:\/\/ole-barcelona.es\/wp-content\/uploads\/2024\/08\/acreditados3.png"},{"@type":"BreadcrumbList","@id":"https:\/\/ole-barcelona.es\/ru\/visado-de-estudiante-antes-de-llegar\/#breadcrumb","itemListElement":[{"@type":"ListItem","position":1,"name":"Home","item":"https:\/\/ole-barcelona.es\/ru\/"},{"@type":"ListItem","position":2,"name":"Visado de estudiante antes de llegar"}]},{"@type":"WebSite","@id":"https:\/\/ole-barcelona.es\/#website","url":"https:\/\/ole-barcelona.es\/","name":"Ole Barcelona","description":"","publisher":{"@id":"https:\/\/ole-barcelona.es\/#organization"},"potentialAction":[{"@type":"SearchAction","target":{"@type":"EntryPoint","urlTemplate":"https:\/\/ole-barcelona.es\/?s={search_term_string}"},"query-input":{"@type":"PropertyValueSpecification","valueRequired":true,"valueName":"search_term_string"}}],"inLanguage":"ru-RU"},{"@type":"Organization","@id":"https:\/\/ole-barcelona.es\/#organization","name":"Ole Barcelona","url":"https:\/\/ole-barcelona.es\/","logo":{"@type":"ImageObject","inLanguage":"ru-RU","@id":"https:\/\/ole-barcelona.es\/#\/schema\/logo\/image\/","url":"https:\/\/ole-barcelona.es\/wp-content\/uploads\/2025\/07\/OleBCN.png","contentUrl":"https:\/\/ole-barcelona.es\/wp-content\/uploads\/2025\/07\/OleBCN.png","width":1876,"height":1207,"caption":"Ole Barcelona"},"image":{"@id":"https:\/\/ole-barcelona.es\/#\/schema\/logo\/image\/"}}]}},"_links":{"self":[{"href":"https:\/\/ole-barcelona.es\/ru\/wp-json\/wp\/v2\/pages\/7147","targetHints":{"allow":["GET"]}}],"collection":[{"href":"https:\/\/ole-barcelona.es\/ru\/wp-json\/wp\/v2\/pages"}],"about":[{"href":"https:\/\/ole-barcelona.es\/ru\/wp-json\/wp\/v2\/types\/page"}],"author":[{"embeddable":true,"href":"https:\/\/ole-barcelona.es\/ru\/wp-json\/wp\/v2\/users\/1"}],"replies":[{"embeddable":true,"href":"https:\/\/ole-barcelona.es\/ru\/wp-json\/wp\/v2\/comments?post=7147"}],"version-history":[{"count":3,"href":"https:\/\/ole-barcelona.es\/ru\/wp-json\/wp\/v2\/pages\/7147\/revisions"}],"predecessor-version":[{"id":10469,"href":"https:\/\/ole-barcelona.es\/ru\/wp-json\/wp\/v2\/pages\/7147\/revisions\/10469"}],"wp:attachment":[{"href":"https:\/\/ole-barcelona.es\/ru\/wp-json\/wp\/v2\/media?parent=7147"}],"curies":[{"name":"wp","href":"https:\/\/api.w.org\/{rel}","templated":true}]}}