{"id":7148,"date":"2024-09-09T10:40:41","date_gmt":"2024-09-09T08:40:41","guid":{"rendered":"http:\/\/ole-barcelona.es\/visado-de-estudiante-despues-de-llegar\/"},"modified":"2025-04-24T18:25:46","modified_gmt":"2025-04-24T16:25:46","slug":"visado-de-estudiante-despues-de-llegar","status":"publish","type":"page","link":"https:\/\/ole-barcelona.es\/ru\/visado-de-estudiante-despues-de-llegar\/","title":{"rendered":"Visado de estudiante despu\u00e9s de llegar"},"content":{"rendered":"\t\t<div data-elementor-type=\"wp-page\" data-elementor-id=\"7148\" class=\"elementor elementor-7148 elementor-4072\" data-elementor-post-type=\"page\">\n\t\t\t\t<div class=\"elementor-element elementor-element-1a3cac4 e-flex e-con-boxed e-con e-parent\" data-id=\"1a3cac4\" data-element_type=\"container\" data-settings=\"{&quot;background_background&quot;:&quot;classic&quot;}\">\n\t\t\t\t\t<div class=\"e-con-inner\">\n\t\t<div class=\"elementor-element elementor-element-c18d29f e-con-full e-flex e-con e-child\" data-id=\"c18d29f\" data-element_type=\"container\">\n\t\t\t\t<div class=\"elementor-element elementor-element-187b078 elementor-widget elementor-widget-text-editor\" data-id=\"187b078\" data-element_type=\"widget\" data-widget_type=\"text-editor.default\">\n\t\t\t\t<div class=\"elementor-widget-container\">\n\t\t\t\t\t\t\t\t\t<p>Redes Sociales<\/p>\t\t\t\t\t\t\t\t<\/div>\n\t\t\t\t<\/div>\n\t\t\t\t<\/div>\n\t\t<div class=\"elementor-element elementor-element-341f4dd e-flex e-con-boxed e-con e-child\" data-id=\"341f4dd\" data-element_type=\"container\">\n\t\t\t\t\t<div class=\"e-con-inner\">\n\t\t\t\t<div class=\"elementor-element elementor-element-eb540d8 elementor-icon-list--layout-traditional elementor-list-item-link-full_width elementor-widget elementor-widget-icon-list\" data-id=\"eb540d8\" data-element_type=\"widget\" data-widget_type=\"icon-list.default\">\n\t\t\t\t<div class=\"elementor-widget-container\">\n\t\t\t\t\t\t\t<ul class=\"elementor-icon-list-items\">\n\t\t\t\t\t\t\t<li class=\"elementor-icon-list-item\">\n\t\t\t\t\t\t\t\t\t\t\t<a href=\"https:\/\/www.facebook.com\/Ole.Barcelona.Spanish\/\">\n\n\t\t\t\t\t\t\t\t\t\t\t\t<span class=\"elementor-icon-list-icon\">\n\t\t\t\t\t\t\t<svg aria-hidden=\"true\" class=\"e-font-icon-svg e-fab-facebook-f\" viewBox=\"0 0 320 512\" xmlns=\"http:\/\/www.w3.org\/2000\/svg\"><path d=\"M279.14 288l14.22-92.66h-88.91v-60.13c0-25.35 12.42-50.06 52.24-50.06h40.42V6.26S260.43 0 225.36 0c-73.22 0-121.08 44.38-121.08 124.72v70.62H22.89V288h81.39v224h100.17V288z\"><\/path><\/svg>\t\t\t\t\t\t<\/span>\n\t\t\t\t\t\t\t\t\t\t<span class=\"elementor-icon-list-text\">FACEBOOK<\/span>\n\t\t\t\t\t\t\t\t\t\t\t<\/a>\n\t\t\t\t\t\t\t\t\t<\/li>\n\t\t\t\t\t\t<\/ul>\n\t\t\t\t\t\t<\/div>\n\t\t\t\t<\/div>\n\t\t\t\t<div class=\"elementor-element elementor-element-e3edc27 elementor-icon-list--layout-traditional elementor-list-item-link-full_width elementor-widget elementor-widget-icon-list\" data-id=\"e3edc27\" data-element_type=\"widget\" data-widget_type=\"icon-list.default\">\n\t\t\t\t<div class=\"elementor-widget-container\">\n\t\t\t\t\t\t\t<ul class=\"elementor-icon-list-items\">\n\t\t\t\t\t\t\t<li class=\"elementor-icon-list-item\">\n\t\t\t\t\t\t\t\t\t\t\t<a href=\"https:\/\/www.instagram.com\/ole_barcelona\/\">\n\n\t\t\t\t\t\t\t\t\t\t\t\t<span class=\"elementor-icon-list-icon\">\n\t\t\t\t\t\t\t<svg aria-hidden=\"true\" class=\"e-font-icon-svg e-fab-instagram\" viewBox=\"0 0 448 512\" xmlns=\"http:\/\/www.w3.org\/2000\/svg\"><path d=\"M224.1 141c-63.6 0-114.9 51.3-114.9 114.9s51.3 114.9 114.9 114.9S339 319.5 339 255.9 287.7 141 224.1 141zm0 189.6c-41.1 0-74.7-33.5-74.7-74.7s33.5-74.7 74.7-74.7 74.7 33.5 74.7 74.7-33.6 74.7-74.7 74.7zm146.4-194.3c0 14.9-12 26.8-26.8 26.8-14.9 0-26.8-12-26.8-26.8s12-26.8 26.8-26.8 26.8 12 26.8 26.8zm76.1 27.2c-1.7-35.9-9.9-67.7-36.2-93.9-26.2-26.2-58-34.4-93.9-36.2-37-2.1-147.9-2.1-184.9 0-35.8 1.7-67.6 9.9-93.9 36.1s-34.4 58-36.2 93.9c-2.1 37-2.1 147.9 0 184.9 1.7 35.9 9.9 67.7 36.2 93.9s58 34.4 93.9 36.2c37 2.1 147.9 2.1 184.9 0 35.9-1.7 67.7-9.9 93.9-36.2 26.2-26.2 34.4-58 36.2-93.9 2.1-37 2.1-147.8 0-184.8zM398.8 388c-7.8 19.6-22.9 34.7-42.6 42.6-29.5 11.7-99.5 9-132.1 9s-102.7 2.6-132.1-9c-19.6-7.8-34.7-22.9-42.6-42.6-11.7-29.5-9-99.5-9-132.1s-2.6-102.7 9-132.1c7.8-19.6 22.9-34.7 42.6-42.6 29.5-11.7 99.5-9 132.1-9s102.7-2.6 132.1 9c19.6 7.8 34.7 22.9 42.6 42.6 11.7 29.5 9 99.5 9 132.1s2.7 102.7-9 132.1z\"><\/path><\/svg>\t\t\t\t\t\t<\/span>\n\t\t\t\t\t\t\t\t\t\t<span class=\"elementor-icon-list-text\">INSTAGRAM<\/span>\n\t\t\t\t\t\t\t\t\t\t\t<\/a>\n\t\t\t\t\t\t\t\t\t<\/li>\n\t\t\t\t\t\t<\/ul>\n\t\t\t\t\t\t<\/div>\n\t\t\t\t<\/div>\n\t\t\t\t<div class=\"elementor-element elementor-element-af956b4 elementor-icon-list--layout-traditional elementor-list-item-link-full_width elementor-widget elementor-widget-icon-list\" data-id=\"af956b4\" data-element_type=\"widget\" data-widget_type=\"icon-list.default\">\n\t\t\t\t<div class=\"elementor-widget-container\">\n\t\t\t\t\t\t\t<ul class=\"elementor-icon-list-items\">\n\t\t\t\t\t\t\t<li class=\"elementor-icon-list-item\">\n\t\t\t\t\t\t\t\t\t\t\t<a href=\"https:\/\/www.youtube.com\/channel\/UCFeMV2Ne5edxAg0llbctjRg\">\n\n\t\t\t\t\t\t\t\t\t\t\t\t<span class=\"elementor-icon-list-icon\">\n\t\t\t\t\t\t\t<svg aria-hidden=\"true\" class=\"e-font-icon-svg e-fab-youtube\" viewBox=\"0 0 576 512\" xmlns=\"http:\/\/www.w3.org\/2000\/svg\"><path d=\"M549.655 124.083c-6.281-23.65-24.787-42.276-48.284-48.597C458.781 64 288 64 288 64S117.22 64 74.629 75.486c-23.497 6.322-42.003 24.947-48.284 48.597-11.412 42.867-11.412 132.305-11.412 132.305s0 89.438 11.412 132.305c6.281 23.65 24.787 41.5 48.284 47.821C117.22 448 288 448 288 448s170.78 0 213.371-11.486c23.497-6.321 42.003-24.171 48.284-47.821 11.412-42.867 11.412-132.305 11.412-132.305s0-89.438-11.412-132.305zm-317.51 213.508V175.185l142.739 81.205-142.739 81.201z\"><\/path><\/svg>\t\t\t\t\t\t<\/span>\n\t\t\t\t\t\t\t\t\t\t<span class=\"elementor-icon-list-text\">YOUTUBE<\/span>\n\t\t\t\t\t\t\t\t\t\t\t<\/a>\n\t\t\t\t\t\t\t\t\t<\/li>\n\t\t\t\t\t\t<\/ul>\n\t\t\t\t\t\t<\/div>\n\t\t\t\t<\/div>\n\t\t\t\t\t<\/div>\n\t\t\t\t<\/div>\n\t\t\t\t\t<\/div>\n\t\t\t\t<\/div>\n\t\t<div class=\"elementor-element elementor-element-0782c3d e-flex e-con-boxed e-con e-parent\" data-id=\"0782c3d\" data-element_type=\"container\">\n\t\t\t\t\t<div class=\"e-con-inner\">\n\t\t\t\t<div class=\"elementor-element elementor-element-87dff70 elementor-widget__width-initial elementor-widget elementor-widget-heading\" data-id=\"87dff70\" data-element_type=\"widget\" data-widget_type=\"heading.default\">\n\t\t\t\t<div class=\"elementor-widget-container\">\n\t\t\t\t\t<h2 class=\"elementor-heading-title elementor-size-default\">Consigue tu visado<\/h2>\t\t\t\t<\/div>\n\t\t\t\t<\/div>\n\t\t\t\t<div class=\"elementor-element elementor-element-c356d28 elementor-widget-divider--view-line elementor-widget elementor-widget-divider\" data-id=\"c356d28\" data-element_type=\"widget\" data-widget_type=\"divider.default\">\n\t\t\t\t<div class=\"elementor-widget-container\">\n\t\t\t\t\t\t\t<div class=\"elementor-divider\">\n\t\t\t<span class=\"elementor-divider-separator\">\n\t\t\t\t\t\t<\/span>\n\t\t<\/div>\n\t\t\t\t\t\t<\/div>\n\t\t\t\t<\/div>\n\t\t\t\t<div class=\"elementor-element elementor-element-838ca38 elementor-widget elementor-widget-text-editor\" data-id=\"838ca38\" data-element_type=\"widget\" data-widget_type=\"text-editor.default\">\n\t\t\t\t<div class=\"elementor-widget-container\">\n\t\t\t\t\t\t\t\t\t<div class=\"container\"><div class=\"row mt-3\"><div class=\"col-12\"><p>Si est\u00e1s pensando en estudiar espa\u00f1ol en Espa\u00f1a, aseg\u00farate de que el visado que elijas sea el correcto. Ol\u00e9 Languages te ayudar\u00e1 con eso.<\/p><\/div><\/div><\/div>\t\t\t\t\t\t\t\t<\/div>\n\t\t\t\t<\/div>\n\t\t\t\t\t<\/div>\n\t\t\t\t<\/div>\n\t\t<div class=\"elementor-element elementor-element-f994398 e-con-full e-flex e-con e-child\" data-id=\"f994398\" data-element_type=\"container\">\n\t\t<div class=\"elementor-element elementor-element-b4a9a77 e-con-full e-flex e-con e-child\" data-id=\"b4a9a77\" data-element_type=\"container\">\n\t\t\t\t<div class=\"elementor-element elementor-element-609b925 elementor-widget elementor-widget-heading\" data-id=\"609b925\" data-element_type=\"widget\" data-widget_type=\"heading.default\">\n\t\t\t\t<div class=\"elementor-widget-container\">\n\t\t\t\t\t<h2 class=\"elementor-heading-title elementor-size-default\"><a href=\"http:\/\/ole-barcelona.es\/visado-de-estudiante-antes-de-llegar\/\">Antes de llegar<\/a><\/h2>\t\t\t\t<\/div>\n\t\t\t\t<\/div>\n\t\t\t\t<\/div>\n\t\t<div class=\"elementor-element elementor-element-c530e42 e-con-full e-flex e-con e-child\" data-id=\"c530e42\" data-element_type=\"container\" data-settings=\"{&quot;background_background&quot;:&quot;classic&quot;}\">\n\t\t\t\t<div class=\"elementor-element elementor-element-9743ce6 elementor-widget elementor-widget-heading\" data-id=\"9743ce6\" data-element_type=\"widget\" data-widget_type=\"heading.default\">\n\t\t\t\t<div class=\"elementor-widget-container\">\n\t\t\t\t\t<h2 class=\"elementor-heading-title elementor-size-default\">Despu\u00e9s de llegar<\/h2>\t\t\t\t<\/div>\n\t\t\t\t<\/div>\n\t\t\t\t<\/div>\n\t\t\t\t<\/div>\n\t\t<div class=\"elementor-element elementor-element-454e0f6 e-flex e-con-boxed e-con e-parent\" data-id=\"454e0f6\" data-element_type=\"container\">\n\t\t\t\t\t<div class=\"e-con-inner\">\n\t\t\t\t<div class=\"elementor-element elementor-element-94f5f74 elementor-widget elementor-widget-text-editor\" data-id=\"94f5f74\" data-element_type=\"widget\" data-widget_type=\"text-editor.default\">\n\t\t\t\t<div class=\"elementor-widget-container\">\n\t\t\t\t\t\t\t\t\t<div class=\"container\"><div class=\"row mt-3\"><div class=\"col-12\"><p>Si eres residente en un pa\u00eds no perteneciente a la UE y planeas continuar tu educaci\u00f3n superior en Espa\u00f1a durante m\u00e1s de tres meses, primero debes solicitar un visado de estudiante espa\u00f1ol.<br \/>El proceso de obtenci\u00f3n de un visado de estudiante en Espa\u00f1a puede variar un poco seg\u00fan el pa\u00eds de origen. Por favor, consulta con tu consulado espa\u00f1ol local para m\u00e1s detalles. Para encontrar el consulado m\u00e1s cercano, por favor haz clic aqu\u00ed.<br \/><br \/>Tu cita en el consulado debe tener lugar al menos dos semanas antes de la fecha prevista de salida para Espa\u00f1a. Para estar seguro, te recomendamos que visites el sitio web de tu consulado para reservar cita por lo menos entre seis y ocho semanas antes de la fecha de partida prevista. El primer paso es matricularse en un curso con Ol\u00e9 Languages.<br \/><br \/>Luego, la escuela te proporcionar\u00e1 los documentos que necesites para presentar tu solicitud en el consulado local de Espa\u00f1a. Para preparar tus documentos necesitamos conocer tu nombre completo, n\u00famero de pasaporte, fecha de nacimiento y direcci\u00f3n completa en tu pa\u00eds.<br \/><br \/>El segundo paso es programar una cita en tu consulado asignado a trav\u00e9s del sitio web oficial. El sitio web del consulado presenta un calendario en l\u00ednea que muestra las fechas disponibles. En el sitio web del consulado tambi\u00e9n encontrar\u00e1s la informaci\u00f3n m\u00e1s actualizada y completa sobre los visados de estudiante, as\u00ed como una lista de los documentos que debes llevar a la cita para el visado. Algo a tener en cuenta es que estas franjas horarias a veces se llenan r\u00e1pidamente, especialmente durante el verano (hasta 4 semanas antes).<br \/><br \/>Una vez que hayas recibido tu cita en el consulado, aseg\u00farate de tener todos los documentos necesarios el d\u00eda que vayas. El consulado no te har\u00e1 ninguna copia. Si olvidas llevar alguno de los documentos requeridos, tu solicitud de visa se pospondr\u00e1 y tendr\u00e1s que pedir una nueva cita.<br \/><br \/>Una vez que tu visado de estudiante haya sido aprobado, debes recoger tu pasaporte en persona. No puedes enviar a un familiar o amigo en tu nombre. Todo esto puede parecer complicado y dif\u00edcil, pero no te desanimes. Ol\u00e9 Languages estar\u00e1 all\u00ed para guiarte durante todo el proceso. Mientras cumplas con los requisitos del consulado espa\u00f1ol local, estar\u00e1s en Espa\u00f1a muy pronto.<br \/>Si tienes alguna pregunta sobre tu visado de estudiante para Espa\u00f1a,\u00a0cont\u00e1ctanos.<\/p><\/div><\/div><\/div>\t\t\t\t\t\t\t\t<\/div>\n\t\t\t\t<\/div>\n\t\t\t\t\t<\/div>\n\t\t\t\t<\/div>\n\t\t\t\t<\/div>\n\t\t","protected":false},"excerpt":{"rendered":"<p>Redes Sociales FACEBOOK INSTAGRAM YOUTUBE Consigue tu visado Si est\u00e1s pensando en estudiar espa\u00f1ol en Espa\u00f1a, aseg\u00farate de que el [&hellip;]<\/p>\n","protected":false},"author":1,"featured_media":0,"parent":0,"menu_order":0,"comment_status":"closed","ping_status":"closed","template":"","meta":{"site-sidebar-layout":"no-sidebar","site-content-layout":"","ast-site-content-layout":"full-width-container","site-content-style":"default","site-sidebar-style":"default","ast-global-header-display":"","ast-banner-title-visibility":"","ast-main-header-display":"","ast-hfb-above-header-display":"","ast-hfb-below-header-display":"","ast-hfb-mobile-header-display":"","site-post-title":"disabled","ast-breadcrumbs-content":"","ast-featured-img":"disabled","footer-sml-layout":"","theme-transparent-header-meta":"","adv-header-id-meta":"","stick-header-meta":"","header-above-stick-meta":"","header-main-stick-meta":"","header-below-stick-meta":"","astra-migrate-meta-layouts":"default","ast-page-background-enabled":"default","ast-page-background-meta":{"desktop":{"background-color":"var(--ast-global-color-4)","background-image":"","background-repeat":"repeat","background-position":"center center","background-size":"auto","background-attachment":"scroll","background-type":"","background-media":"","overlay-type":"","overlay-color":"","overlay-opacity":"","overlay-gradient":""},"tablet":{"background-color":"","background-image":"","background-repeat":"repeat","background-position":"center center","background-size":"auto","background-attachment":"scroll","background-type":"","background-media":"","overlay-type":"","overlay-color":"","overlay-opacity":"","overlay-gradient":""},"mobile":{"background-color":"","background-image":"","background-repeat":"repeat","background-position":"center center","background-size":"auto","background-attachment":"scroll","background-type":"","background-media":"","overlay-type":"","overlay-color":"","overlay-opacity":"","overlay-gradient":""}},"ast-content-background-meta":{"desktop":{"background-color":"var(--ast-global-color-5)","background-image":"","background-repeat":"repeat","background-position":"center center","background-size":"auto","background-attachment":"scroll","background-type":"","background-media":"","overlay-type":"","overlay-color":"","overlay-opacity":"","overlay-gradient":""},"tablet":{"background-color":"var(--ast-global-color-5)","background-image":"","background-repeat":"repeat","background-position":"center center","background-size":"auto","background-attachment":"scroll","background-type":"","background-media":"","overlay-type":"","overlay-color":"","overlay-opacity":"","overlay-gradient":""},"mobile":{"background-color":"var(--ast-global-color-5)","background-image":"","background-repeat":"repeat","background-position":"center center","background-size":"auto","background-attachment":"scroll","background-type":"","background-media":"","overlay-type":"","overlay-color":"","overlay-opacity":"","overlay-gradient":""}},"footnotes":""},"class_list":["post-7148","page","type-page","status-publish","hentry"],"yoast_head":"<!-- This site is optimized with the Yoast SEO plugin v27.2 - https:\/\/yoast.com\/product\/yoast-seo-wordpress\/ -->\n<title>Visado de estudiante despu\u00e9s de llegar - Ole Barcelona<\/title>\n<meta name=\"robots\" content=\"index, follow, max-snippet:-1, max-image-preview:large, max-video-preview:-1\" \/>\n<link rel=\"canonical\" href=\"https:\/\/ole-barcelona.es\/ru\/visado-de-estudiante-despues-de-llegar\/\" \/>\n<meta property=\"og:locale\" content=\"ru_RU\" \/>\n<meta property=\"og:type\" content=\"article\" \/>\n<meta property=\"og:title\" content=\"Visado de estudiante despu\u00e9s de llegar - Ole Barcelona\" \/>\n<meta property=\"og:description\" content=\"Redes Sociales FACEBOOK INSTAGRAM YOUTUBE Consigue tu visado Si est\u00e1s pensando en estudiar espa\u00f1ol en Espa\u00f1a, aseg\u00farate de que el [&hellip;]\" \/>\n<meta property=\"og:url\" content=\"https:\/\/ole-barcelona.es\/ru\/visado-de-estudiante-despues-de-llegar\/\" \/>\n<meta property=\"og:site_name\" content=\"Ole Barcelona\" \/>\n<meta property=\"article:modified_time\" content=\"2025-04-24T16:25:46+00:00\" \/>\n<meta name=\"twitter:card\" content=\"summary_large_image\" \/>\n<meta name=\"twitter:label1\" content=\"\u041f\u0440\u0438\u043c\u0435\u0440\u043d\u043e\u0435 \u0432\u0440\u0435\u043c\u044f \u0434\u043b\u044f \u0447\u0442\u0435\u043d\u0438\u044f\" \/>\n\t<meta name=\"twitter:data1\" content=\"2 \u043c\u0438\u043d\u0443\u0442\u044b\" \/>\n<script type=\"application\/ld+json\" class=\"yoast-schema-graph\">{\"@context\":\"https:\/\/schema.org\",\"@graph\":[{\"@type\":\"WebPage\",\"@id\":\"https:\/\/ole-barcelona.es\/ru\/visado-de-estudiante-despues-de-llegar\/\",\"url\":\"https:\/\/ole-barcelona.es\/ru\/visado-de-estudiante-despues-de-llegar\/\",\"name\":\"Visado de estudiante despu\u00e9s de llegar - Ole Barcelona\",\"isPartOf\":{\"@id\":\"https:\/\/ole-barcelona.es\/#website\"},\"datePublished\":\"2024-09-09T08:40:41+00:00\",\"dateModified\":\"2025-04-24T16:25:46+00:00\",\"breadcrumb\":{\"@id\":\"https:\/\/ole-barcelona.es\/ru\/visado-de-estudiante-despues-de-llegar\/#breadcrumb\"},\"inLanguage\":\"ru-RU\",\"potentialAction\":[{\"@type\":\"ReadAction\",\"target\":[\"https:\/\/ole-barcelona.es\/ru\/visado-de-estudiante-despues-de-llegar\/\"]}]},{\"@type\":\"BreadcrumbList\",\"@id\":\"https:\/\/ole-barcelona.es\/ru\/visado-de-estudiante-despues-de-llegar\/#breadcrumb\",\"itemListElement\":[{\"@type\":\"ListItem\",\"position\":1,\"name\":\"Home\",\"item\":\"https:\/\/ole-barcelona.es\/ru\/\"},{\"@type\":\"ListItem\",\"position\":2,\"name\":\"Visado de estudiante despu\u00e9s de llegar\"}]},{\"@type\":\"WebSite\",\"@id\":\"https:\/\/ole-barcelona.es\/#website\",\"url\":\"https:\/\/ole-barcelona.es\/\",\"name\":\"Ole Barcelona\",\"description\":\"\",\"publisher\":{\"@id\":\"https:\/\/ole-barcelona.es\/#organization\"},\"potentialAction\":[{\"@type\":\"SearchAction\",\"target\":{\"@type\":\"EntryPoint\",\"urlTemplate\":\"https:\/\/ole-barcelona.es\/?s={search_term_string}\"},\"query-input\":{\"@type\":\"PropertyValueSpecification\",\"valueRequired\":true,\"valueName\":\"search_term_string\"}}],\"inLanguage\":\"ru-RU\"},{\"@type\":\"Organization\",\"@id\":\"https:\/\/ole-barcelona.es\/#organization\",\"name\":\"Ole Barcelona\",\"url\":\"https:\/\/ole-barcelona.es\/\",\"logo\":{\"@type\":\"ImageObject\",\"inLanguage\":\"ru-RU\",\"@id\":\"https:\/\/ole-barcelona.es\/#\/schema\/logo\/image\/\",\"url\":\"https:\/\/ole-barcelona.es\/wp-content\/uploads\/2025\/07\/OleBCN.png\",\"contentUrl\":\"https:\/\/ole-barcelona.es\/wp-content\/uploads\/2025\/07\/OleBCN.png\",\"width\":1876,\"height\":1207,\"caption\":\"Ole Barcelona\"},\"image\":{\"@id\":\"https:\/\/ole-barcelona.es\/#\/schema\/logo\/image\/\"}}]}<\/script>\n<!-- \/ Yoast SEO plugin. -->","yoast_head_json":{"title":"Visado de estudiante despu\u00e9s de llegar - Ole Barcelona","robots":{"index":"index","follow":"follow","max-snippet":"max-snippet:-1","max-image-preview":"max-image-preview:large","max-video-preview":"max-video-preview:-1"},"canonical":"https:\/\/ole-barcelona.es\/ru\/visado-de-estudiante-despues-de-llegar\/","og_locale":"ru_RU","og_type":"article","og_title":"Visado de estudiante despu\u00e9s de llegar - Ole Barcelona","og_description":"Redes Sociales FACEBOOK INSTAGRAM YOUTUBE Consigue tu visado Si est\u00e1s pensando en estudiar espa\u00f1ol en Espa\u00f1a, aseg\u00farate de que el [&hellip;]","og_url":"https:\/\/ole-barcelona.es\/ru\/visado-de-estudiante-despues-de-llegar\/","og_site_name":"Ole Barcelona","article_modified_time":"2025-04-24T16:25:46+00:00","twitter_card":"summary_large_image","twitter_misc":{"\u041f\u0440\u0438\u043c\u0435\u0440\u043d\u043e\u0435 \u0432\u0440\u0435\u043c\u044f \u0434\u043b\u044f \u0447\u0442\u0435\u043d\u0438\u044f":"2 \u043c\u0438\u043d\u0443\u0442\u044b"},"schema":{"@context":"https:\/\/schema.org","@graph":[{"@type":"WebPage","@id":"https:\/\/ole-barcelona.es\/ru\/visado-de-estudiante-despues-de-llegar\/","url":"https:\/\/ole-barcelona.es\/ru\/visado-de-estudiante-despues-de-llegar\/","name":"Visado de estudiante despu\u00e9s de llegar - Ole Barcelona","isPartOf":{"@id":"https:\/\/ole-barcelona.es\/#website"},"datePublished":"2024-09-09T08:40:41+00:00","dateModified":"2025-04-24T16:25:46+00:00","breadcrumb":{"@id":"https:\/\/ole-barcelona.es\/ru\/visado-de-estudiante-despues-de-llegar\/#breadcrumb"},"inLanguage":"ru-RU","potentialAction":[{"@type":"ReadAction","target":["https:\/\/ole-barcelona.es\/ru\/visado-de-estudiante-despues-de-llegar\/"]}]},{"@type":"BreadcrumbList","@id":"https:\/\/ole-barcelona.es\/ru\/visado-de-estudiante-despues-de-llegar\/#breadcrumb","itemListElement":[{"@type":"ListItem","position":1,"name":"Home","item":"https:\/\/ole-barcelona.es\/ru\/"},{"@type":"ListItem","position":2,"name":"Visado de estudiante despu\u00e9s de llegar"}]},{"@type":"WebSite","@id":"https:\/\/ole-barcelona.es\/#website","url":"https:\/\/ole-barcelona.es\/","name":"Ole Barcelona","description":"","publisher":{"@id":"https:\/\/ole-barcelona.es\/#organization"},"potentialAction":[{"@type":"SearchAction","target":{"@type":"EntryPoint","urlTemplate":"https:\/\/ole-barcelona.es\/?s={search_term_string}"},"query-input":{"@type":"PropertyValueSpecification","valueRequired":true,"valueName":"search_term_string"}}],"inLanguage":"ru-RU"},{"@type":"Organization","@id":"https:\/\/ole-barcelona.es\/#organization","name":"Ole Barcelona","url":"https:\/\/ole-barcelona.es\/","logo":{"@type":"ImageObject","inLanguage":"ru-RU","@id":"https:\/\/ole-barcelona.es\/#\/schema\/logo\/image\/","url":"https:\/\/ole-barcelona.es\/wp-content\/uploads\/2025\/07\/OleBCN.png","contentUrl":"https:\/\/ole-barcelona.es\/wp-content\/uploads\/2025\/07\/OleBCN.png","width":1876,"height":1207,"caption":"Ole Barcelona"},"image":{"@id":"https:\/\/ole-barcelona.es\/#\/schema\/logo\/image\/"}}]}},"_links":{"self":[{"href":"https:\/\/ole-barcelona.es\/ru\/wp-json\/wp\/v2\/pages\/7148","targetHints":{"allow":["GET"]}}],"collection":[{"href":"https:\/\/ole-barcelona.es\/ru\/wp-json\/wp\/v2\/pages"}],"about":[{"href":"https:\/\/ole-barcelona.es\/ru\/wp-json\/wp\/v2\/types\/page"}],"author":[{"embeddable":true,"href":"https:\/\/ole-barcelona.es\/ru\/wp-json\/wp\/v2\/users\/1"}],"replies":[{"embeddable":true,"href":"https:\/\/ole-barcelona.es\/ru\/wp-json\/wp\/v2\/comments?post=7148"}],"version-history":[{"count":3,"href":"https:\/\/ole-barcelona.es\/ru\/wp-json\/wp\/v2\/pages\/7148\/revisions"}],"predecessor-version":[{"id":7153,"href":"https:\/\/ole-barcelona.es\/ru\/wp-json\/wp\/v2\/pages\/7148\/revisions\/7153"}],"wp:attachment":[{"href":"https:\/\/ole-barcelona.es\/ru\/wp-json\/wp\/v2\/media?parent=7148"}],"curies":[{"name":"wp","href":"https:\/\/api.w.org\/{rel}","templated":true}]}}