{"id":7163,"date":"2025-04-15T17:55:04","date_gmt":"2025-04-15T15:55:04","guid":{"rendered":"http:\/\/ole-barcelona.es\/precios-competitivos\/"},"modified":"2025-04-15T17:55:04","modified_gmt":"2025-04-15T15:55:04","slug":"precios-competitivos","status":"publish","type":"page","link":"https:\/\/ole-barcelona.es\/ru\/precios-competitivos\/","title":{"rendered":"Precios competetivos"},"content":{"rendered":"\t\t<div data-elementor-type=\"wp-page\" data-elementor-id=\"7163\" class=\"elementor elementor-7163 elementor-5943\" data-elementor-post-type=\"page\">\n\t\t\t\t<div class=\"elementor-element elementor-element-7681021 e-con-full e-flex e-con e-parent\" data-id=\"7681021\" data-element_type=\"container\" data-settings=\"{&quot;background_background&quot;:&quot;classic&quot;}\">\n\t\t<div class=\"elementor-element elementor-element-685e613 e-flex e-con-boxed e-con e-child\" data-id=\"685e613\" data-element_type=\"container\">\n\t\t\t\t\t<div class=\"e-con-inner\">\n\t\t\t\t<div class=\"elementor-element elementor-element-be40f5b elementor-widget__width-initial elementor-widget elementor-widget-heading\" data-id=\"be40f5b\" data-element_type=\"widget\" data-widget_type=\"heading.default\">\n\t\t\t\t<div class=\"elementor-widget-container\">\n\t\t\t\t\t<h1 class=\"elementor-heading-title elementor-size-default\">Acerca de los precios<\/h1>\t\t\t\t<\/div>\n\t\t\t\t<\/div>\n\t\t\t\t<div class=\"elementor-element elementor-element-509e21f elementor-widget elementor-widget-text-editor\" data-id=\"509e21f\" data-element_type=\"widget\" data-widget_type=\"text-editor.default\">\n\t\t\t\t<div class=\"elementor-widget-container\">\n\t\t\t\t\t\t\t\t\t<p>Las escuelas de espa\u00f1ol caras no te ofrecer\u00e1n mejores clases de espa\u00f1ol.<\/p>\t\t\t\t\t\t\t\t<\/div>\n\t\t\t\t<\/div>\n\t\t\t\t\t<\/div>\n\t\t\t\t<\/div>\n\t\t\t\t<\/div>\n\t\t<div class=\"elementor-element elementor-element-891c9b6 e-flex e-con-boxed e-con e-parent\" data-id=\"891c9b6\" data-element_type=\"container\" data-settings=\"{&quot;background_background&quot;:&quot;classic&quot;}\">\n\t\t\t\t\t<div class=\"e-con-inner\">\n\t\t<div class=\"elementor-element elementor-element-9eacab4 e-con-full e-flex e-con e-child\" data-id=\"9eacab4\" data-element_type=\"container\">\n\t\t\t\t<div class=\"elementor-element elementor-element-bb41e2b elementor-widget elementor-widget-text-editor\" data-id=\"bb41e2b\" data-element_type=\"widget\" data-widget_type=\"text-editor.default\">\n\t\t\t\t<div class=\"elementor-widget-container\">\n\t\t\t\t\t\t\t\t\t<p>Redes Sociales<\/p>\t\t\t\t\t\t\t\t<\/div>\n\t\t\t\t<\/div>\n\t\t\t\t<\/div>\n\t\t<div class=\"elementor-element elementor-element-9dab4e7 e-flex e-con-boxed e-con e-child\" data-id=\"9dab4e7\" data-element_type=\"container\">\n\t\t\t\t\t<div class=\"e-con-inner\">\n\t\t\t\t<div class=\"elementor-element elementor-element-191ccc6 elementor-icon-list--layout-traditional elementor-list-item-link-full_width elementor-widget elementor-widget-icon-list\" data-id=\"191ccc6\" data-element_type=\"widget\" data-widget_type=\"icon-list.default\">\n\t\t\t\t<div class=\"elementor-widget-container\">\n\t\t\t\t\t\t\t<ul class=\"elementor-icon-list-items\">\n\t\t\t\t\t\t\t<li class=\"elementor-icon-list-item\">\n\t\t\t\t\t\t\t\t\t\t\t<a href=\"https:\/\/www.facebook.com\/Ole.Barcelona.Spanish\/\">\n\n\t\t\t\t\t\t\t\t\t\t\t\t<span class=\"elementor-icon-list-icon\">\n\t\t\t\t\t\t\t<svg aria-hidden=\"true\" class=\"e-font-icon-svg e-fab-facebook-f\" viewBox=\"0 0 320 512\" xmlns=\"http:\/\/www.w3.org\/2000\/svg\"><path d=\"M279.14 288l14.22-92.66h-88.91v-60.13c0-25.35 12.42-50.06 52.24-50.06h40.42V6.26S260.43 0 225.36 0c-73.22 0-121.08 44.38-121.08 124.72v70.62H22.89V288h81.39v224h100.17V288z\"><\/path><\/svg>\t\t\t\t\t\t<\/span>\n\t\t\t\t\t\t\t\t\t\t<span class=\"elementor-icon-list-text\">FACEBOOK<\/span>\n\t\t\t\t\t\t\t\t\t\t\t<\/a>\n\t\t\t\t\t\t\t\t\t<\/li>\n\t\t\t\t\t\t<\/ul>\n\t\t\t\t\t\t<\/div>\n\t\t\t\t<\/div>\n\t\t\t\t<div class=\"elementor-element elementor-element-b11eb2a elementor-icon-list--layout-traditional elementor-list-item-link-full_width elementor-widget elementor-widget-icon-list\" data-id=\"b11eb2a\" data-element_type=\"widget\" data-widget_type=\"icon-list.default\">\n\t\t\t\t<div class=\"elementor-widget-container\">\n\t\t\t\t\t\t\t<ul class=\"elementor-icon-list-items\">\n\t\t\t\t\t\t\t<li class=\"elementor-icon-list-item\">\n\t\t\t\t\t\t\t\t\t\t\t<a href=\"https:\/\/www.instagram.com\/ole_barcelona\/\">\n\n\t\t\t\t\t\t\t\t\t\t\t\t<span class=\"elementor-icon-list-icon\">\n\t\t\t\t\t\t\t<svg aria-hidden=\"true\" class=\"e-font-icon-svg e-fab-instagram\" viewBox=\"0 0 448 512\" xmlns=\"http:\/\/www.w3.org\/2000\/svg\"><path d=\"M224.1 141c-63.6 0-114.9 51.3-114.9 114.9s51.3 114.9 114.9 114.9S339 319.5 339 255.9 287.7 141 224.1 141zm0 189.6c-41.1 0-74.7-33.5-74.7-74.7s33.5-74.7 74.7-74.7 74.7 33.5 74.7 74.7-33.6 74.7-74.7 74.7zm146.4-194.3c0 14.9-12 26.8-26.8 26.8-14.9 0-26.8-12-26.8-26.8s12-26.8 26.8-26.8 26.8 12 26.8 26.8zm76.1 27.2c-1.7-35.9-9.9-67.7-36.2-93.9-26.2-26.2-58-34.4-93.9-36.2-37-2.1-147.9-2.1-184.9 0-35.8 1.7-67.6 9.9-93.9 36.1s-34.4 58-36.2 93.9c-2.1 37-2.1 147.9 0 184.9 1.7 35.9 9.9 67.7 36.2 93.9s58 34.4 93.9 36.2c37 2.1 147.9 2.1 184.9 0 35.9-1.7 67.7-9.9 93.9-36.2 26.2-26.2 34.4-58 36.2-93.9 2.1-37 2.1-147.8 0-184.8zM398.8 388c-7.8 19.6-22.9 34.7-42.6 42.6-29.5 11.7-99.5 9-132.1 9s-102.7 2.6-132.1-9c-19.6-7.8-34.7-22.9-42.6-42.6-11.7-29.5-9-99.5-9-132.1s-2.6-102.7 9-132.1c7.8-19.6 22.9-34.7 42.6-42.6 29.5-11.7 99.5-9 132.1-9s102.7-2.6 132.1 9c19.6 7.8 34.7 22.9 42.6 42.6 11.7 29.5 9 99.5 9 132.1s2.7 102.7-9 132.1z\"><\/path><\/svg>\t\t\t\t\t\t<\/span>\n\t\t\t\t\t\t\t\t\t\t<span class=\"elementor-icon-list-text\">INSTAGRAM<\/span>\n\t\t\t\t\t\t\t\t\t\t\t<\/a>\n\t\t\t\t\t\t\t\t\t<\/li>\n\t\t\t\t\t\t<\/ul>\n\t\t\t\t\t\t<\/div>\n\t\t\t\t<\/div>\n\t\t\t\t<div class=\"elementor-element elementor-element-67056ec elementor-icon-list--layout-traditional elementor-list-item-link-full_width elementor-widget elementor-widget-icon-list\" data-id=\"67056ec\" data-element_type=\"widget\" data-widget_type=\"icon-list.default\">\n\t\t\t\t<div class=\"elementor-widget-container\">\n\t\t\t\t\t\t\t<ul class=\"elementor-icon-list-items\">\n\t\t\t\t\t\t\t<li class=\"elementor-icon-list-item\">\n\t\t\t\t\t\t\t\t\t\t\t<a href=\"https:\/\/www.youtube.com\/channel\/UCFeMV2Ne5edxAg0llbctjRg\">\n\n\t\t\t\t\t\t\t\t\t\t\t\t<span class=\"elementor-icon-list-icon\">\n\t\t\t\t\t\t\t<svg aria-hidden=\"true\" class=\"e-font-icon-svg e-fab-youtube\" viewBox=\"0 0 576 512\" xmlns=\"http:\/\/www.w3.org\/2000\/svg\"><path d=\"M549.655 124.083c-6.281-23.65-24.787-42.276-48.284-48.597C458.781 64 288 64 288 64S117.22 64 74.629 75.486c-23.497 6.322-42.003 24.947-48.284 48.597-11.412 42.867-11.412 132.305-11.412 132.305s0 89.438 11.412 132.305c6.281 23.65 24.787 41.5 48.284 47.821C117.22 448 288 448 288 448s170.78 0 213.371-11.486c23.497-6.321 42.003-24.171 48.284-47.821 11.412-42.867 11.412-132.305 11.412-132.305s0-89.438-11.412-132.305zm-317.51 213.508V175.185l142.739 81.205-142.739 81.201z\"><\/path><\/svg>\t\t\t\t\t\t<\/span>\n\t\t\t\t\t\t\t\t\t\t<span class=\"elementor-icon-list-text\">YOUTUBE<\/span>\n\t\t\t\t\t\t\t\t\t\t\t<\/a>\n\t\t\t\t\t\t\t\t\t<\/li>\n\t\t\t\t\t\t<\/ul>\n\t\t\t\t\t\t<\/div>\n\t\t\t\t<\/div>\n\t\t\t\t\t<\/div>\n\t\t\t\t<\/div>\n\t\t\t\t\t<\/div>\n\t\t\t\t<\/div>\n\t\t<div class=\"elementor-element elementor-element-1d5bcf3 e-flex e-con-boxed e-con e-parent\" data-id=\"1d5bcf3\" data-element_type=\"container\">\n\t\t\t\t\t<div class=\"e-con-inner\">\n\t\t\t\t<div class=\"elementor-element elementor-element-e9db703 elementor-widget__width-initial elementor-widget elementor-widget-heading\" data-id=\"e9db703\" data-element_type=\"widget\" data-widget_type=\"heading.default\">\n\t\t\t\t<div class=\"elementor-widget-container\">\n\t\t\t\t\t<h2 class=\"elementor-heading-title elementor-size-default\">About Our Competitive Prices\n<\/h2>\t\t\t\t<\/div>\n\t\t\t\t<\/div>\n\t\t\t\t<div class=\"elementor-element elementor-element-34fba9b elementor-widget-divider--view-line elementor-widget elementor-widget-divider\" data-id=\"34fba9b\" data-element_type=\"widget\" data-widget_type=\"divider.default\">\n\t\t\t\t<div class=\"elementor-widget-container\">\n\t\t\t\t\t\t\t<div class=\"elementor-divider\">\n\t\t\t<span class=\"elementor-divider-separator\">\n\t\t\t\t\t\t<\/span>\n\t\t<\/div>\n\t\t\t\t\t\t<\/div>\n\t\t\t\t<\/div>\n\t\t\t\t<div class=\"elementor-element elementor-element-582e922 elementor-widget elementor-widget-text-editor\" data-id=\"582e922\" data-element_type=\"widget\" data-widget_type=\"text-editor.default\">\n\t\t\t\t<div class=\"elementor-widget-container\">\n\t\t\t\t\t\t\t\t\t<p style=\"text-align: left;\">De vez en cuando nos llaman para preguntarnos por qu\u00e9 Ol\u00e9 ofrece cursos de espa\u00f1ol a un precio tan bajo. Se preguntan si recibir\u00e1n mejor ense\u00f1anza y aprender\u00e1n espa\u00f1ol m\u00e1s r\u00e1pido si eligen una escuela m\u00e1s grande y m\u00e1s cara. Dado que hay mucha gente que no nos llama, nos gustar\u00eda dar una breve explicaci\u00f3n para evitar malentendidos.<\/p><p style=\"text-align: left;\"><strong>Ol\u00e9 ofrece la misma calidad de ense\u00f1anza que cualquiera de las escuelas espa\u00f1olas m\u00e1s grandes y caras:<\/strong><\/p><p style=\"text-align: left;\">Cuando Rosa Ribas, cofundadora y directora, decidi\u00f3 fundar Ol\u00e9 Barcelona en 2005, contaba con muchos a\u00f1os de experiencia docente en grandes escuelas corporativas. Al empezar a gestionar su propia escuela, su objetivo era formar un equipo de profesores altamente cualificados, dedicados y entusiastas que vieran la ense\u00f1anza del espa\u00f1ol como algo m\u00e1s que un simple trabajo para pagar el alquiler. Los profesores que imparten clases en Ol\u00e9 Languages \u200b\u200bhoy en d\u00eda ejercen la docencia como su vocaci\u00f3n y han decidido trabajar en una escuela m\u00e1s peque\u00f1a, donde el ambiente es m\u00e1s personal y tienen m\u00e1s posibilidades de interactuar con los alumnos. Otra creencia com\u00fan es que una escuela econ\u00f3mica reduce costes al aumentar el tama\u00f1o de los grupos de estudio. Sin embargo, en Ol\u00e9 ocurre lo contrario: con un m\u00e1ximo de cinco personas por clase, los grupos son m\u00e1s peque\u00f1os que en la mayor\u00eda de las dem\u00e1s escuelas.<\/p><p style=\"text-align: left;\">La diferencia de precio tiene su origen en otra parte:<\/p><p style=\"text-align: left;\">En primer lugar, Ol\u00e9 Barcelona no trabaja con agencias de idiomas que cobran hasta el 25% del precio del curso, sino que encuentra a sus estudiantes directamente, ya sea por recomendaci\u00f3n o por internet. Y en segundo lugar, Ol\u00e9 Barcelona se las arregla con una administraci\u00f3n peque\u00f1a pero eficiente en lugar de mantener un gran aparato administrativo.<\/p>\t\t\t\t\t\t\t\t<\/div>\n\t\t\t\t<\/div>\n\t\t\t\t\t<\/div>\n\t\t\t\t<\/div>\n\t\t<div class=\"elementor-element elementor-element-872d6a5 e-flex e-con-boxed e-con e-parent\" data-id=\"872d6a5\" data-element_type=\"container\" data-settings=\"{&quot;background_background&quot;:&quot;classic&quot;}\">\n\t\t\t\t\t<div class=\"e-con-inner\">\n\t\t<div class=\"elementor-element elementor-element-a3d8011 e-con-full e-flex e-con e-child\" data-id=\"a3d8011\" data-element_type=\"container\">\n\t\t\t\t<div class=\"elementor-element elementor-element-7169f38 elementor-widget elementor-widget-text-editor\" data-id=\"7169f38\" data-element_type=\"widget\" data-widget_type=\"text-editor.default\">\n\t\t\t\t<div class=\"elementor-widget-container\">\n\t\t\t\t\t\t\t\t\t<p>Acreditada\/Reconocida por:<\/p>\t\t\t\t\t\t\t\t<\/div>\n\t\t\t\t<\/div>\n\t\t\t\t<\/div>\n\t\t<div class=\"elementor-element elementor-element-3d52e8c e-flex e-con-boxed e-con e-child\" data-id=\"3d52e8c\" data-element_type=\"container\">\n\t\t\t\t\t<div class=\"e-con-inner\">\n\t\t\t\t<div class=\"elementor-element elementor-element-f56f332 elementor-widget__width-initial elementor-widget elementor-widget-image\" data-id=\"f56f332\" data-element_type=\"widget\" data-widget_type=\"image.default\">\n\t\t\t\t<div class=\"elementor-widget-container\">\n\t\t\t\t\t\t\t\t\t\t\t\t\t\t\t<img decoding=\"async\" width=\"180\" height=\"149\" src=\"https:\/\/ole-barcelona.es\/wp-content\/uploads\/2024\/08\/acreditados3.png\" class=\"attachment-large size-large wp-image-33\" alt=\"\" \/>\t\t\t\t\t\t\t\t\t\t\t\t\t\t\t<\/div>\n\t\t\t\t<\/div>\n\t\t\t\t<div class=\"elementor-element elementor-element-19930c3 elementor-widget__width-initial elementor-widget elementor-widget-image\" data-id=\"19930c3\" data-element_type=\"widget\" data-widget_type=\"image.default\">\n\t\t\t\t<div class=\"elementor-widget-container\">\n\t\t\t\t\t\t\t\t\t\t\t\t\t\t\t<img decoding=\"async\" width=\"100\" height=\"100\" src=\"https:\/\/ole-barcelona.es\/wp-content\/uploads\/2024\/08\/csn.jpg\" class=\"attachment-large size-large wp-image-56\" alt=\"\" \/>\t\t\t\t\t\t\t\t\t\t\t\t\t\t\t<\/div>\n\t\t\t\t<\/div>\n\t\t\t\t<div class=\"elementor-element elementor-element-e340310 elementor-widget__width-initial elementor-widget elementor-widget-image\" data-id=\"e340310\" data-element_type=\"widget\" data-widget_type=\"image.default\">\n\t\t\t\t<div class=\"elementor-widget-container\">\n\t\t\t\t\t\t\t\t\t\t\t\t\t\t\t<img decoding=\"async\" width=\"180\" height=\"71\" src=\"https:\/\/ole-barcelona.es\/wp-content\/uploads\/2024\/08\/IED3.png\" class=\"attachment-large size-large wp-image-58\" alt=\"\" \/>\t\t\t\t\t\t\t\t\t\t\t\t\t\t\t<\/div>\n\t\t\t\t<\/div>\n\t\t\t\t<div class=\"elementor-element elementor-element-172d094 elementor-widget__width-initial elementor-widget elementor-widget-image\" data-id=\"172d094\" data-element_type=\"widget\" data-widget_type=\"image.default\">\n\t\t\t\t<div class=\"elementor-widget-container\">\n\t\t\t\t\t\t\t\t\t\t\t\t\t\t\t<img loading=\"lazy\" decoding=\"async\" width=\"300\" height=\"258\" src=\"https:\/\/ole-barcelona.es\/wp-content\/uploads\/2024\/08\/Fedele-azul2.jpg\" class=\"attachment-large size-large wp-image-57\" alt=\"\" \/>\t\t\t\t\t\t\t\t\t\t\t\t\t\t\t<\/div>\n\t\t\t\t<\/div>\n\t\t\t\t\t<\/div>\n\t\t\t\t<\/div>\n\t\t\t\t\t<\/div>\n\t\t\t\t<\/div>\n\t\t\t\t<\/div>\n\t\t","protected":false},"excerpt":{"rendered":"<p>Acerca de los precios Las escuelas de espa\u00f1ol caras no te ofrecer\u00e1n mejores clases de espa\u00f1ol. Redes Sociales FACEBOOK INSTAGRAM [&hellip;]<\/p>\n","protected":false},"author":1,"featured_media":0,"parent":0,"menu_order":0,"comment_status":"closed","ping_status":"closed","template":"","meta":{"site-sidebar-layout":"no-sidebar","site-content-layout":"","ast-site-content-layout":"full-width-container","site-content-style":"default","site-sidebar-style":"default","ast-global-header-display":"","ast-banner-title-visibility":"","ast-main-header-display":"","ast-hfb-above-header-display":"","ast-hfb-below-header-display":"","ast-hfb-mobile-header-display":"","site-post-title":"disabled","ast-breadcrumbs-content":"","ast-featured-img":"disabled","footer-sml-layout":"","theme-transparent-header-meta":"","adv-header-id-meta":"","stick-header-meta":"","header-above-stick-meta":"","header-main-stick-meta":"","header-below-stick-meta":"","astra-migrate-meta-layouts":"default","ast-page-background-enabled":"default","ast-page-background-meta":{"desktop":{"background-color":"var(--ast-global-color-4)","background-image":"","background-repeat":"repeat","background-position":"center center","background-size":"auto","background-attachment":"scroll","background-type":"","background-media":"","overlay-type":"","overlay-color":"","overlay-opacity":"","overlay-gradient":""},"tablet":{"background-color":"","background-image":"","background-repeat":"repeat","background-position":"center center","background-size":"auto","background-attachment":"scroll","background-type":"","background-media":"","overlay-type":"","overlay-color":"","overlay-opacity":"","overlay-gradient":""},"mobile":{"background-color":"","background-image":"","background-repeat":"repeat","background-position":"center center","background-size":"auto","background-attachment":"scroll","background-type":"","background-media":"","overlay-type":"","overlay-color":"","overlay-opacity":"","overlay-gradient":""}},"ast-content-background-meta":{"desktop":{"background-color":"var(--ast-global-color-5)","background-image":"","background-repeat":"repeat","background-position":"center center","background-size":"auto","background-attachment":"scroll","background-type":"","background-media":"","overlay-type":"","overlay-color":"","overlay-opacity":"","overlay-gradient":""},"tablet":{"background-color":"var(--ast-global-color-5)","background-image":"","background-repeat":"repeat","background-position":"center center","background-size":"auto","background-attachment":"scroll","background-type":"","background-media":"","overlay-type":"","overlay-color":"","overlay-opacity":"","overlay-gradient":""},"mobile":{"background-color":"var(--ast-global-color-5)","background-image":"","background-repeat":"repeat","background-position":"center center","background-size":"auto","background-attachment":"scroll","background-type":"","background-media":"","overlay-type":"","overlay-color":"","overlay-opacity":"","overlay-gradient":""}},"footnotes":""},"class_list":["post-7163","page","type-page","status-publish","hentry"],"yoast_head":"<!-- This site is optimized with the Yoast SEO plugin v27.2 - https:\/\/yoast.com\/product\/yoast-seo-wordpress\/ -->\n<title>Precios competetivos - Ole Barcelona<\/title>\n<meta name=\"robots\" content=\"index, follow, max-snippet:-1, max-image-preview:large, max-video-preview:-1\" \/>\n<link rel=\"canonical\" href=\"https:\/\/ole-barcelona.es\/ru\/precios-competitivos\/\" \/>\n<meta property=\"og:locale\" content=\"ru_RU\" \/>\n<meta property=\"og:type\" content=\"article\" \/>\n<meta property=\"og:title\" content=\"Precios competetivos - Ole Barcelona\" \/>\n<meta property=\"og:description\" content=\"Acerca de los precios Las escuelas de espa\u00f1ol caras no te ofrecer\u00e1n mejores clases de espa\u00f1ol. Redes Sociales FACEBOOK INSTAGRAM [&hellip;]\" \/>\n<meta property=\"og:url\" content=\"https:\/\/ole-barcelona.es\/ru\/precios-competitivos\/\" \/>\n<meta property=\"og:site_name\" content=\"Ole Barcelona\" \/>\n<meta property=\"og:image\" content=\"http:\/\/ole-barcelona.es\/wp-content\/uploads\/2024\/08\/acreditados3.png\" \/>\n<meta name=\"twitter:card\" content=\"summary_large_image\" \/>\n<meta name=\"twitter:label1\" content=\"\u041f\u0440\u0438\u043c\u0435\u0440\u043d\u043e\u0435 \u0432\u0440\u0435\u043c\u044f \u0434\u043b\u044f \u0447\u0442\u0435\u043d\u0438\u044f\" \/>\n\t<meta name=\"twitter:data1\" content=\"2 \u043c\u0438\u043d\u0443\u0442\u044b\" \/>\n<script type=\"application\/ld+json\" class=\"yoast-schema-graph\">{\"@context\":\"https:\/\/schema.org\",\"@graph\":[{\"@type\":\"WebPage\",\"@id\":\"https:\/\/ole-barcelona.es\/ru\/precios-competitivos\/\",\"url\":\"https:\/\/ole-barcelona.es\/ru\/precios-competitivos\/\",\"name\":\"Precios competetivos - Ole Barcelona\",\"isPartOf\":{\"@id\":\"https:\/\/ole-barcelona.es\/#website\"},\"primaryImageOfPage\":{\"@id\":\"https:\/\/ole-barcelona.es\/ru\/precios-competitivos\/#primaryimage\"},\"image\":{\"@id\":\"https:\/\/ole-barcelona.es\/ru\/precios-competitivos\/#primaryimage\"},\"thumbnailUrl\":\"http:\/\/ole-barcelona.es\/wp-content\/uploads\/2024\/08\/acreditados3.png\",\"datePublished\":\"2025-04-15T15:55:04+00:00\",\"breadcrumb\":{\"@id\":\"https:\/\/ole-barcelona.es\/ru\/precios-competitivos\/#breadcrumb\"},\"inLanguage\":\"ru-RU\",\"potentialAction\":[{\"@type\":\"ReadAction\",\"target\":[\"https:\/\/ole-barcelona.es\/ru\/precios-competitivos\/\"]}]},{\"@type\":\"ImageObject\",\"inLanguage\":\"ru-RU\",\"@id\":\"https:\/\/ole-barcelona.es\/ru\/precios-competitivos\/#primaryimage\",\"url\":\"http:\/\/ole-barcelona.es\/wp-content\/uploads\/2024\/08\/acreditados3.png\",\"contentUrl\":\"http:\/\/ole-barcelona.es\/wp-content\/uploads\/2024\/08\/acreditados3.png\"},{\"@type\":\"BreadcrumbList\",\"@id\":\"https:\/\/ole-barcelona.es\/ru\/precios-competitivos\/#breadcrumb\",\"itemListElement\":[{\"@type\":\"ListItem\",\"position\":1,\"name\":\"Home\",\"item\":\"https:\/\/ole-barcelona.es\/ru\/\"},{\"@type\":\"ListItem\",\"position\":2,\"name\":\"Precios competetivos\"}]},{\"@type\":\"WebSite\",\"@id\":\"https:\/\/ole-barcelona.es\/#website\",\"url\":\"https:\/\/ole-barcelona.es\/\",\"name\":\"Ole Barcelona\",\"description\":\"\",\"publisher\":{\"@id\":\"https:\/\/ole-barcelona.es\/#organization\"},\"potentialAction\":[{\"@type\":\"SearchAction\",\"target\":{\"@type\":\"EntryPoint\",\"urlTemplate\":\"https:\/\/ole-barcelona.es\/?s={search_term_string}\"},\"query-input\":{\"@type\":\"PropertyValueSpecification\",\"valueRequired\":true,\"valueName\":\"search_term_string\"}}],\"inLanguage\":\"ru-RU\"},{\"@type\":\"Organization\",\"@id\":\"https:\/\/ole-barcelona.es\/#organization\",\"name\":\"Ole Barcelona\",\"url\":\"https:\/\/ole-barcelona.es\/\",\"logo\":{\"@type\":\"ImageObject\",\"inLanguage\":\"ru-RU\",\"@id\":\"https:\/\/ole-barcelona.es\/#\/schema\/logo\/image\/\",\"url\":\"https:\/\/ole-barcelona.es\/wp-content\/uploads\/2025\/07\/OleBCN.png\",\"contentUrl\":\"https:\/\/ole-barcelona.es\/wp-content\/uploads\/2025\/07\/OleBCN.png\",\"width\":1876,\"height\":1207,\"caption\":\"Ole Barcelona\"},\"image\":{\"@id\":\"https:\/\/ole-barcelona.es\/#\/schema\/logo\/image\/\"}}]}<\/script>\n<!-- \/ Yoast SEO plugin. -->","yoast_head_json":{"title":"Precios competetivos - Ole Barcelona","robots":{"index":"index","follow":"follow","max-snippet":"max-snippet:-1","max-image-preview":"max-image-preview:large","max-video-preview":"max-video-preview:-1"},"canonical":"https:\/\/ole-barcelona.es\/ru\/precios-competitivos\/","og_locale":"ru_RU","og_type":"article","og_title":"Precios competetivos - Ole Barcelona","og_description":"Acerca de los precios Las escuelas de espa\u00f1ol caras no te ofrecer\u00e1n mejores clases de espa\u00f1ol. Redes Sociales FACEBOOK INSTAGRAM [&hellip;]","og_url":"https:\/\/ole-barcelona.es\/ru\/precios-competitivos\/","og_site_name":"Ole Barcelona","og_image":[{"url":"http:\/\/ole-barcelona.es\/wp-content\/uploads\/2024\/08\/acreditados3.png","type":"","width":"","height":""}],"twitter_card":"summary_large_image","twitter_misc":{"\u041f\u0440\u0438\u043c\u0435\u0440\u043d\u043e\u0435 \u0432\u0440\u0435\u043c\u044f \u0434\u043b\u044f \u0447\u0442\u0435\u043d\u0438\u044f":"2 \u043c\u0438\u043d\u0443\u0442\u044b"},"schema":{"@context":"https:\/\/schema.org","@graph":[{"@type":"WebPage","@id":"https:\/\/ole-barcelona.es\/ru\/precios-competitivos\/","url":"https:\/\/ole-barcelona.es\/ru\/precios-competitivos\/","name":"Precios competetivos - Ole Barcelona","isPartOf":{"@id":"https:\/\/ole-barcelona.es\/#website"},"primaryImageOfPage":{"@id":"https:\/\/ole-barcelona.es\/ru\/precios-competitivos\/#primaryimage"},"image":{"@id":"https:\/\/ole-barcelona.es\/ru\/precios-competitivos\/#primaryimage"},"thumbnailUrl":"http:\/\/ole-barcelona.es\/wp-content\/uploads\/2024\/08\/acreditados3.png","datePublished":"2025-04-15T15:55:04+00:00","breadcrumb":{"@id":"https:\/\/ole-barcelona.es\/ru\/precios-competitivos\/#breadcrumb"},"inLanguage":"ru-RU","potentialAction":[{"@type":"ReadAction","target":["https:\/\/ole-barcelona.es\/ru\/precios-competitivos\/"]}]},{"@type":"ImageObject","inLanguage":"ru-RU","@id":"https:\/\/ole-barcelona.es\/ru\/precios-competitivos\/#primaryimage","url":"http:\/\/ole-barcelona.es\/wp-content\/uploads\/2024\/08\/acreditados3.png","contentUrl":"http:\/\/ole-barcelona.es\/wp-content\/uploads\/2024\/08\/acreditados3.png"},{"@type":"BreadcrumbList","@id":"https:\/\/ole-barcelona.es\/ru\/precios-competitivos\/#breadcrumb","itemListElement":[{"@type":"ListItem","position":1,"name":"Home","item":"https:\/\/ole-barcelona.es\/ru\/"},{"@type":"ListItem","position":2,"name":"Precios competetivos"}]},{"@type":"WebSite","@id":"https:\/\/ole-barcelona.es\/#website","url":"https:\/\/ole-barcelona.es\/","name":"Ole Barcelona","description":"","publisher":{"@id":"https:\/\/ole-barcelona.es\/#organization"},"potentialAction":[{"@type":"SearchAction","target":{"@type":"EntryPoint","urlTemplate":"https:\/\/ole-barcelona.es\/?s={search_term_string}"},"query-input":{"@type":"PropertyValueSpecification","valueRequired":true,"valueName":"search_term_string"}}],"inLanguage":"ru-RU"},{"@type":"Organization","@id":"https:\/\/ole-barcelona.es\/#organization","name":"Ole Barcelona","url":"https:\/\/ole-barcelona.es\/","logo":{"@type":"ImageObject","inLanguage":"ru-RU","@id":"https:\/\/ole-barcelona.es\/#\/schema\/logo\/image\/","url":"https:\/\/ole-barcelona.es\/wp-content\/uploads\/2025\/07\/OleBCN.png","contentUrl":"https:\/\/ole-barcelona.es\/wp-content\/uploads\/2025\/07\/OleBCN.png","width":1876,"height":1207,"caption":"Ole Barcelona"},"image":{"@id":"https:\/\/ole-barcelona.es\/#\/schema\/logo\/image\/"}}]}},"_links":{"self":[{"href":"https:\/\/ole-barcelona.es\/ru\/wp-json\/wp\/v2\/pages\/7163","targetHints":{"allow":["GET"]}}],"collection":[{"href":"https:\/\/ole-barcelona.es\/ru\/wp-json\/wp\/v2\/pages"}],"about":[{"href":"https:\/\/ole-barcelona.es\/ru\/wp-json\/wp\/v2\/types\/page"}],"author":[{"embeddable":true,"href":"https:\/\/ole-barcelona.es\/ru\/wp-json\/wp\/v2\/users\/1"}],"replies":[{"embeddable":true,"href":"https:\/\/ole-barcelona.es\/ru\/wp-json\/wp\/v2\/comments?post=7163"}],"version-history":[{"count":0,"href":"https:\/\/ole-barcelona.es\/ru\/wp-json\/wp\/v2\/pages\/7163\/revisions"}],"wp:attachment":[{"href":"https:\/\/ole-barcelona.es\/ru\/wp-json\/wp\/v2\/media?parent=7163"}],"curies":[{"name":"wp","href":"https:\/\/api.w.org\/{rel}","templated":true}]}}